{"id":518383,"date":"2023-11-10T22:51:16","date_gmt":"2023-11-11T06:51:16","guid":{"rendered":"https:\/\/ridewhistler.ca\/location-de-machines\/"},"modified":"2023-11-14T10:16:17","modified_gmt":"2023-11-14T18:16:17","slug":"location-de-machines","status":"publish","type":"page","link":"https:\/\/ridewhistler.ca\/fr\/location-de-machines\/","title":{"rendered":"Location de machines"},"content":{"rendered":"<p>[et_pb_section fb_built=\u00a0\u00bb1&Prime; _builder_version=\u00a0\u00bb4.21.0&Prime; _module_preset=\u00a0\u00bbdefault\u00a0\u00bb background_image=\u00a0\u00bbhttps:\/\/ridewhistler.ca\/wp-content\/uploads\/2023\/11\/850-rmk-khaos-slash-155-1.png\u00a0\u00bb background_enable_video_mp4=\u00a0\u00bboff\u00a0\u00bb background_enable_video_webm=\u00a0\u00bboff\u00a0\u00bb min_height=\u00a0\u00bb491.6px\u00a0\u00bb custom_margin=\u00a0\u00bb0px||-7px||false|false\u00a0\u00bb custom_padding=\u00a0\u00bb||33px|||\u00a0\u00bb global_colors_info=\u00a0\u00bb{}\u00a0\u00bb theme_builder_area=\u00a0\u00bbpost_content\u00a0\u00bb][et_pb_row _builder_version=\u00a0\u00bb4.21.0&Prime; _module_preset=\u00a0\u00bbdefault\u00a0\u00bb custom_padding=\u00a0\u00bb40px|||||\u00a0\u00bb global_colors_info=\u00a0\u00bb{}\u00a0\u00bb theme_builder_area=\u00a0\u00bbpost_content\u00a0\u00bb][et_pb_column type=\u00a0\u00bb4_4&Prime; _builder_version=\u00a0\u00bb4.21.0&Prime; _module_preset=\u00a0\u00bbdefault\u00a0\u00bb global_colors_info=\u00a0\u00bb{}\u00a0\u00bb theme_builder_area=\u00a0\u00bbpost_content\u00a0\u00bb][et_pb_text _builder_version=\u00a0\u00bb4.21.0&Prime; _module_preset=\u00a0\u00bbdefault\u00a0\u00bb header_font=\u00a0\u00bbBebas Neue|700|||||||\u00a0\u00bb header_text_align=\u00a0\u00bbcenter\u00a0\u00bb header_text_color=\u00a0\u00bb#000000&Prime; header_font_size=\u00a0\u00bb53px\u00a0\u00bb global_colors_info=\u00a0\u00bb{}\u00a0\u00bb theme_builder_area=\u00a0\u00bbpost_content\u00a0\u00bb]<\/p>\n<h1>Louez votre b\u00eate pour conqu\u00e9rir la poudreuse<\/h1>\n<p>[\/et_pb_text][\/et_pb_column][\/et_pb_row][\/et_pb_section][et_pb_section fb_built=\u00a0\u00bb1&Prime; _builder_version=\u00a0\u00bb4.21.0&Prime; _module_preset=\u00a0\u00bbdefault\u00a0\u00bb background_color=\u00a0\u00bb#161617&Prime; custom_margin=\u00a0\u00bb3px|||||\u00a0\u00bb custom_padding=\u00a0\u00bb6px||3px|||\u00a0\u00bb global_colors_info=\u00a0\u00bb{}\u00a0\u00bb theme_builder_area=\u00a0\u00bbpost_content\u00a0\u00bb][et_pb_row column_structure=\u00a0\u00bb3_5,2_5&Prime; _builder_version=\u00a0\u00bb4.21.0&Prime; _module_preset=\u00a0\u00bbdefault\u00a0\u00bb width=\u00a0\u00bb89%\u00a0\u00bb max_width=\u00a0\u00bb1401px\u00a0\u00bb custom_margin=\u00a0\u00bb1px|auto||auto||\u00a0\u00bb custom_padding=\u00a0\u00bb||65px|||\u00a0\u00bb global_colors_info=\u00a0\u00bb{}\u00a0\u00bb theme_builder_area=\u00a0\u00bbpost_content\u00a0\u00bb][et_pb_column type=\u00a0\u00bb3_5&Prime; _builder_version=\u00a0\u00bb4.21.0&Prime; _module_preset=\u00a0\u00bbdefault\u00a0\u00bb global_colors_info=\u00a0\u00bb{}\u00a0\u00bb theme_builder_area=\u00a0\u00bbpost_content\u00a0\u00bb][et_pb_blurb title=\u00a0\u00bb2024 Polaris 850 RMK et KHAOS\u00a0\u00bb use_icon=\u00a0\u00bbon\u00a0\u00bb _builder_version=\u00a0\u00bb4.21.0&Prime; _module_preset=\u00a0\u00bbdefault\u00a0\u00bb header_font=\u00a0\u00bbBebas Neue||||||||\u00a0\u00bb header_text_color=\u00a0\u00bb#898989&Prime; header_font_size=\u00a0\u00bb33px\u00a0\u00bb header_line_height=\u00a0\u00bb2em\u00a0\u00bb body_text_color=\u00a0\u00bb#FFFFFF\u00a0\u00bb custom_margin=\u00a0\u00bb41px|||||\u00a0\u00bb global_colors_info=\u00a0\u00bb{}\u00a0\u00bb theme_builder_area=\u00a0\u00bbpost_content\u00a0\u00bb]<\/p>\n<p><span>Sans doute la meilleure motoneige de montagne sur le march\u00e9, la Polaris 850 RMK et KHAOS 2024 vous emm\u00e8nera l\u00e0 o\u00f9 vous voulez aller ! Ces machines de montagne sont con\u00e7ues pour la poudreuse, le boondocking, les sauts et tout ce que vous pouvez rencontrer. La location comprend un plein de carburant, de l&rsquo;huile et un casque si n\u00e9cessaire. La livraison peut \u00eatre organis\u00e9e moyennant des frais par tra\u00eeneau. Le 9R est disponible pour 525 $ par jour. Il suffit d&rsquo;indiquer que vous souhaitez un 9R lors de la r\u00e9servation de la location.<\/span><\/p>\n<p>[\/et_pb_blurb][et_pb_button button_url=\u00a0\u00bbhttps:\/\/ridewhistler.ca\/product\/polaris-pro-rmk\/\u00a0\u00bb button_text=\u00a0\u00bbR\u00e9servez ici\u00a0\u00bb button_alignment=\u00a0\u00bbleft\u00a0\u00bb _builder_version=\u00a0\u00bb4.21.0&Prime; _module_preset=\u00a0\u00bbdefault\u00a0\u00bb custom_button=\u00a0\u00bbon\u00a0\u00bb button_text_size=\u00a0\u00bb25px\u00a0\u00bb button_text_color=\u00a0\u00bb#FFFFFF\u00a0\u00bb button_bg_color=\u00a0\u00bb#579915&Prime; button_border_width=\u00a0\u00bb0px\u00a0\u00bb button_border_radius=\u00a0\u00bb5px\u00a0\u00bb button_font=\u00a0\u00bbBebas Neue|||on|||||\u00a0\u00bb custom_margin=\u00a0\u00bb|||90px|false|false\u00a0\u00bb custom_padding=\u00a0\u00bb5px||5px||false|false\u00a0\u00bb global_colors_info=\u00a0\u00bb{}\u00a0\u00bb theme_builder_area=\u00a0\u00bbpost_content\u00a0\u00bb][\/et_pb_button][\/et_pb_column][et_pb_column type=\u00a0\u00bb2_5&Prime; _builder_version=\u00a0\u00bb4.21.0&Prime; _module_preset=\u00a0\u00bbdefault\u00a0\u00bb global_colors_info=\u00a0\u00bb{}\u00a0\u00bb theme_builder_area=\u00a0\u00bbpost_content\u00a0\u00bb][et_pb_image src=\u00a0\u00bbhttps:\/\/ridewhistler.ca\/wp-content\/uploads\/2022\/08\/850-rmk-khaos-slash-155.webp\u00a0\u00bb title_text=\u00a0\u00bb850-rmk-khaos-slash-155&Prime; _builder_version=\u00a0\u00bb4.21.0&Prime; _module_preset=\u00a0\u00bbdefault\u00a0\u00bb global_colors_info=\u00a0\u00bb{}\u00a0\u00bb theme_builder_area=\u00a0\u00bbpost_content\u00a0\u00bb][\/et_pb_image][\/et_pb_column][\/et_pb_row][et_pb_row column_structure=\u00a0\u00bb2_5,3_5&Prime; _builder_version=\u00a0\u00bb4.21.0&Prime; _module_preset=\u00a0\u00bbdefault\u00a0\u00bb width=\u00a0\u00bb89%\u00a0\u00bb max_width=\u00a0\u00bb1401px\u00a0\u00bb custom_margin=\u00a0\u00bb1px|auto||auto||\u00a0\u00bb custom_padding=\u00a0\u00bb||65px|||\u00a0\u00bb global_colors_info=\u00a0\u00bb{}\u00a0\u00bb theme_builder_area=\u00a0\u00bbpost_content\u00a0\u00bb][et_pb_column type=\u00a0\u00bb2_5&Prime; _builder_version=\u00a0\u00bb4.21.0&Prime; _module_preset=\u00a0\u00bbdefault\u00a0\u00bb global_colors_info=\u00a0\u00bb{}\u00a0\u00bb theme_builder_area=\u00a0\u00bbpost_content\u00a0\u00bb][et_pb_image src=\u00a0\u00bbhttps:\/\/ridewhistler.ca\/wp-content\/uploads\/2023\/11\/image2.png\u00a0\u00bb title_text=\u00a0\u00bbimage2&Prime; _builder_version=\u00a0\u00bb4.21.0&Prime; _module_preset=\u00a0\u00bbdefault\u00a0\u00bb global_colors_info=\u00a0\u00bb{}\u00a0\u00bb theme_builder_area=\u00a0\u00bbpost_content\u00a0\u00bb][\/et_pb_image][\/et_pb_column][et_pb_column type=\u00a0\u00bb3_5&Prime; _builder_version=\u00a0\u00bb4.21.0&Prime; _module_preset=\u00a0\u00bbdefault\u00a0\u00bb global_colors_info=\u00a0\u00bb{}\u00a0\u00bb theme_builder_area=\u00a0\u00bbpost_content\u00a0\u00bb][et_pb_blurb title=\u00a0\u00bbLouer un Timbersled\u00a0\u00bb use_icon=\u00a0\u00bbon\u00a0\u00bb _builder_version=\u00a0\u00bb4.21.0&Prime; _module_preset=\u00a0\u00bbdefault\u00a0\u00bb header_font=\u00a0\u00bbBebas Neue||||||||\u00a0\u00bb header_text_color=\u00a0\u00bb#898989&Prime; header_font_size=\u00a0\u00bb33px\u00a0\u00bb header_line_height=\u00a0\u00bb2em\u00a0\u00bb body_text_color=\u00a0\u00bb#FFFFFF\u00a0\u00bb custom_margin=\u00a0\u00bb41px|||||\u00a0\u00bb global_colors_info=\u00a0\u00bb{}\u00a0\u00bb theme_builder_area=\u00a0\u00bbpost_content\u00a0\u00bb]<\/p>\n<p class=\"product-description-txt\"><span>Explorez des terrains infinis sur l&rsquo;une de nos motoneiges Timbersled \u00e9quip\u00e9es d&rsquo;un moteur KTM. Ces machines sont con\u00e7ues pour broyer de la poudre partout. La courbe d&rsquo;apprentissage du snowbike est plus rapide que celle de la motoneige et il est facile de travailler sur des terrains en pente. La location comprend l&rsquo;essence et le casque. Si vous n&rsquo;avez pas votre propre \u00e9quipement d&rsquo;avalanche, il est possible d&rsquo;en obtenir un moyennant des frais.<\/span><\/p>\n<p>&nbsp;<\/p>\n<p>[\/et_pb_blurb][et_pb_button button_url=\u00a0\u00bbhttps:\/\/ridewhistler.ca\/product\/snowbike-rental\/\u00a0\u00bb button_text=\u00a0\u00bbR\u00e9servez ici\u00a0\u00bb button_alignment=\u00a0\u00bbleft\u00a0\u00bb _builder_version=\u00a0\u00bb4.21.0&Prime; _module_preset=\u00a0\u00bbdefault\u00a0\u00bb custom_button=\u00a0\u00bbon\u00a0\u00bb button_text_size=\u00a0\u00bb25px\u00a0\u00bb button_text_color=\u00a0\u00bb#FFFFFF\u00a0\u00bb button_bg_color=\u00a0\u00bb#579915&Prime; button_border_width=\u00a0\u00bb0px\u00a0\u00bb button_border_radius=\u00a0\u00bb5px\u00a0\u00bb button_font=\u00a0\u00bbBebas Neue|||on|||||\u00a0\u00bb custom_margin=\u00a0\u00bb|||90px|false|false\u00a0\u00bb custom_padding=\u00a0\u00bb5px||5px||false|false\u00a0\u00bb global_colors_info=\u00a0\u00bb{}\u00a0\u00bb theme_builder_area=\u00a0\u00bbpost_content\u00a0\u00bb][\/et_pb_button][\/et_pb_column][\/et_pb_row][\/et_pb_section]<\/p>\n","protected":false},"excerpt":{"rendered":"<p>Louez votre b\u00eate pour conqu\u00e9rir la poudreuseSans doute la meilleure motoneige de montagne sur le march\u00e9, la Polaris 850 RMK et KHAOS 2024 vous emm\u00e8nera l\u00e0 o\u00f9 vous voulez aller ! Ces machines de montagne sont con\u00e7ues pour la poudreuse, le boondocking, les sauts et tout ce que vous pouvez rencontrer. La location comprend un [&hellip;]<\/p>\n","protected":false},"author":1017,"featured_media":0,"parent":0,"menu_order":0,"comment_status":"closed","ping_status":"closed","template":"","meta":{"_et_pb_use_builder":"on","_et_pb_old_content":"","_et_gb_content_width":"","jetpack_post_was_ever_published":false,"footnotes":""},"jetpack_sharing_enabled":true,"jetpack_shortlink":"https:\/\/wp.me\/P70Wif-2aR1","_links":{"self":[{"href":"https:\/\/ridewhistler.ca\/fr\/wp-json\/wp\/v2\/pages\/518383"}],"collection":[{"href":"https:\/\/ridewhistler.ca\/fr\/wp-json\/wp\/v2\/pages"}],"about":[{"href":"https:\/\/ridewhistler.ca\/fr\/wp-json\/wp\/v2\/types\/page"}],"author":[{"embeddable":true,"href":"https:\/\/ridewhistler.ca\/fr\/wp-json\/wp\/v2\/users\/1017"}],"replies":[{"embeddable":true,"href":"https:\/\/ridewhistler.ca\/fr\/wp-json\/wp\/v2\/comments?post=518383"}],"version-history":[{"count":5,"href":"https:\/\/ridewhistler.ca\/fr\/wp-json\/wp\/v2\/pages\/518383\/revisions"}],"predecessor-version":[{"id":526375,"href":"https:\/\/ridewhistler.ca\/fr\/wp-json\/wp\/v2\/pages\/518383\/revisions\/526375"}],"wp:attachment":[{"href":"https:\/\/ridewhistler.ca\/fr\/wp-json\/wp\/v2\/media?parent=518383"}],"curies":[{"name":"wp","href":"https:\/\/api.w.org\/{rel}","templated":true}]}}