{"id":518384,"date":"2023-11-10T22:55:37","date_gmt":"2023-11-11T06:55:37","guid":{"rendered":"https:\/\/ridewhistler.ca\/tournee-hivernale\/"},"modified":"2023-11-14T07:19:56","modified_gmt":"2023-11-14T15:19:56","slug":"tournee-hivernale","status":"publish","type":"page","link":"https:\/\/ridewhistler.ca\/fr\/tournee-hivernale\/","title":{"rendered":"Circuits hivernaux"},"content":{"rendered":"<p>[et_pb_section fb_built=\u00a0\u00bb1&Prime; _builder_version=\u00a0\u00bb4.21.0&Prime; _module_preset=\u00a0\u00bbdefault\u00a0\u00bb background_image=\u00a0\u00bbhttps:\/\/ridewhistler.ca\/wp-content\/uploads\/2022\/09\/IMG_3443-scaled.jpg\u00a0\u00bb background_enable_video_mp4=\u00a0\u00bboff\u00a0\u00bb background_enable_video_webm=\u00a0\u00bboff\u00a0\u00bb min_height=\u00a0\u00bb504px\u00a0\u00bb custom_margin=\u00a0\u00bb||-7px||false|false\u00a0\u00bb custom_padding=\u00a0\u00bb54px||33px|||\u00a0\u00bb hover_enabled=\u00a0\u00bb0&Prime; global_colors_info=\u00a0\u00bb{}\u00a0\u00bb sticky_enabled=\u00a0\u00bb0&Prime; background_enable_color=\u00a0\u00bboff\u00a0\u00bb][et_pb_row _builder_version=\u00a0\u00bb4.21.0&Prime; _module_preset=\u00a0\u00bbdefault\u00a0\u00bb custom_padding=\u00a0\u00bb2px|||||\u00a0\u00bb global_colors_info=\u00a0\u00bb{}\u00a0\u00bb][et_pb_column type=\u00a0\u00bb4_4&Prime; _builder_version=\u00a0\u00bb4.21.0&Prime; _module_preset=\u00a0\u00bbdefault\u00a0\u00bb global_colors_info=\u00a0\u00bb{}\u00a0\u00bb][et_pb_text _builder_version=\u00a0\u00bb4.21.0&Prime; _module_preset=\u00a0\u00bbdefault\u00a0\u00bb header_font=\u00a0\u00bbBebas Neue|700|||||||\u00a0\u00bb header_text_align=\u00a0\u00bbcenter\u00a0\u00bb header_text_color=\u00a0\u00bb#FFFFFF\u00a0\u00bb header_font_size=\u00a0\u00bb53px\u00a0\u00bb custom_margin=\u00a0\u00bb44px|||||\u00a0\u00bb hover_enabled=\u00a0\u00bb0&Prime; global_colors_info=\u00a0\u00bb{}\u00a0\u00bb sticky_enabled=\u00a0\u00bb0&Prime; header_letter_spacing=\u00a0\u00bb2px\u00a0\u00bb header_text_shadow_style=\u00a0\u00bbpreset3&Prime; header_text_shadow_horizontal_length=\u00a0\u00bb0.2em\u00a0\u00bb header_text_shadow_vertical_length=\u00a0\u00bb0.2em\u00a0\u00bb]<\/p>\n<h1>D\u00e9couvrez tous nos circuits d&rsquo;hiver et choisissez votre exp\u00e9rience inoubliable<\/h1>\n<p>[\/et_pb_text][\/et_pb_column][\/et_pb_row][\/et_pb_section][et_pb_section fb_built=\u00a0\u00bb1&Prime; _builder_version=\u00a0\u00bb4.21.0&Prime; _module_preset=\u00a0\u00bbdefault\u00a0\u00bb background_color=\u00a0\u00bb#161617&Prime; custom_margin=\u00a0\u00bb3px|||||\u00a0\u00bb custom_padding=\u00a0\u00bb6px||3px|||\u00a0\u00bb global_colors_info=\u00a0\u00bb{}\u00a0\u00bb][et_pb_row column_structure=\u00a0\u00bb3_5,2_5&Prime; _builder_version=\u00a0\u00bb4.21.0&Prime; _module_preset=\u00a0\u00bbdefault\u00a0\u00bb width=\u00a0\u00bb89%\u00a0\u00bb max_width=\u00a0\u00bb1401px\u00a0\u00bb custom_margin=\u00a0\u00bb1px|auto||auto||\u00a0\u00bb custom_padding=\u00a0\u00bb||65px|||\u00a0\u00bb global_colors_info=\u00a0\u00bb{}\u00a0\u00bb][et_pb_column type=\u00a0\u00bb3_5&Prime; _builder_version=\u00a0\u00bb4.21.0&Prime; _module_preset=\u00a0\u00bbdefault\u00a0\u00bb global_colors_info=\u00a0\u00bb{}\u00a0\u00bb][et_pb_blurb title=\u00a0\u00bbExcursion en motoneige jusqu&apos;\u00e0 la grotte de glace\u00a0\u00bb use_icon=\u00a0\u00bbon\u00a0\u00bb _builder_version=\u00a0\u00bb4.21.0&Prime; _module_preset=\u00a0\u00bbdefault\u00a0\u00bb header_font=\u00a0\u00bbBebas Neue||||||||\u00a0\u00bb header_text_color=\u00a0\u00bb#898989&Prime; header_font_size=\u00a0\u00bb33px\u00a0\u00bb header_line_height=\u00a0\u00bb2em\u00a0\u00bb body_text_color=\u00a0\u00bb#FFFFFF\u00a0\u00bb custom_margin=\u00a0\u00bb41px|||||\u00a0\u00bb global_colors_info=\u00a0\u00bb{}\u00a0\u00bb]<\/p>\n<p><span>Avez-vous d\u00e9j\u00e0 r\u00eav\u00e9 d&rsquo;aller dans une grotte de glace qui contient de la glace vieille de 10 000 \u00e0 20 000 ans ? Venez faire de la motoneige avec nous et explorez des grottes de glace r\u00e9cemment d\u00e9couvertes sur la calotte glaciaire de Pemberton, juste \u00e0 l&rsquo;ext\u00e9rieur de Whistler. Ces grottes, le paysage et la conduite sont absolument stup\u00e9fiants ! Il s&rsquo;agit v\u00e9ritablement d&rsquo;un voyage inoubliable, id\u00e9al pour une activit\u00e9 d&rsquo;entreprise, une f\u00eate d&rsquo;entreprise ou un enterrement de vie de gar\u00e7on. Cette excursion en motoneige s&rsquo;adresse aux personnes ayant une exp\u00e9rience pr\u00e9alable de la motoneige. Une personne par motoneige.<\/span><\/p>\n<p>[\/et_pb_blurb][et_pb_button button_url=\u00a0\u00bbhttps:\/\/ridewhistler.ca\/product\/sled-to-ice-cave-tour\/\u00a0\u00bb button_text=\u00a0\u00bbR\u00e9servez ici\u00a0\u00bb button_alignment=\u00a0\u00bbleft\u00a0\u00bb _builder_version=\u00a0\u00bb4.21.0&Prime; _module_preset=\u00a0\u00bbdefault\u00a0\u00bb custom_button=\u00a0\u00bbon\u00a0\u00bb button_text_size=\u00a0\u00bb25px\u00a0\u00bb button_text_color=\u00a0\u00bb#FFFFFF\u00a0\u00bb button_bg_color=\u00a0\u00bb#579915&Prime; button_border_width=\u00a0\u00bb0px\u00a0\u00bb button_border_radius=\u00a0\u00bb5px\u00a0\u00bb button_font=\u00a0\u00bbBebas Neue|||on|||||\u00a0\u00bb custom_margin=\u00a0\u00bb|||90px|false|false\u00a0\u00bb custom_padding=\u00a0\u00bb5px||5px||false|false\u00a0\u00bb global_colors_info=\u00a0\u00bb{}\u00a0\u00bb][\/et_pb_button][\/et_pb_column][et_pb_column type=\u00a0\u00bb2_5&Prime; _builder_version=\u00a0\u00bb4.21.0&Prime; _module_preset=\u00a0\u00bbdefault\u00a0\u00bb global_colors_info=\u00a0\u00bb{}\u00a0\u00bb][et_pb_image src=\u00a0\u00bbhttps:\/\/ridewhistler.ca\/wp-content\/uploads\/2017\/06\/Screen-Shot-2022-08-06-at-8.43.11-AM.png\u00a0\u00bb title_text=\u00a0\u00bbScreen-Shot-2022-08-06-at-8.43.11-AM\u00a0\u00bb _builder_version=\u00a0\u00bb4.21.0&Prime; _module_preset=\u00a0\u00bbdefault\u00a0\u00bb global_colors_info=\u00a0\u00bb{}\u00a0\u00bb][\/et_pb_image][\/et_pb_column][\/et_pb_row][et_pb_row column_structure=\u00a0\u00bb2_5,3_5&Prime; _builder_version=\u00a0\u00bb4.21.0&Prime; _module_preset=\u00a0\u00bbdefault\u00a0\u00bb width=\u00a0\u00bb89%\u00a0\u00bb max_width=\u00a0\u00bb1401px\u00a0\u00bb custom_margin=\u00a0\u00bb1px|auto||auto||\u00a0\u00bb custom_padding=\u00a0\u00bb||65px|||\u00a0\u00bb global_colors_info=\u00a0\u00bb{}\u00a0\u00bb][et_pb_column type=\u00a0\u00bb2_5&Prime; _builder_version=\u00a0\u00bb4.21.0&Prime; _module_preset=\u00a0\u00bbdefault\u00a0\u00bb global_colors_info=\u00a0\u00bb{}\u00a0\u00bb][et_pb_image src=\u00a0\u00bbhttps:\/\/ridewhistler.ca\/wp-content\/uploads\/2023\/11\/IMG_3443-1024&#215;768-1.jpeg\u00a0\u00bb title_text=\u00a0\u00bbIMG_3443-1024&#215;768&Prime; _builder_version=\u00a0\u00bb4.21.0&Prime; _module_preset=\u00a0\u00bbdefault\u00a0\u00bb global_colors_info=\u00a0\u00bb{}\u00a0\u00bb][\/et_pb_image][\/et_pb_column][et_pb_column type=\u00a0\u00bb3_5&Prime; _builder_version=\u00a0\u00bb4.21.0&Prime; _module_preset=\u00a0\u00bbdefault\u00a0\u00bb global_colors_info=\u00a0\u00bb{}\u00a0\u00bb][et_pb_blurb title=\u00a0\u00bbExcursion guid\u00e9e d&apos;une demi-journ\u00e9e en motoneige dans l&apos;arri\u00e8re-pays\u00a0\u00bb use_icon=\u00a0\u00bbon\u00a0\u00bb _builder_version=\u00a0\u00bb4.21.0&Prime; _module_preset=\u00a0\u00bbdefault\u00a0\u00bb header_font=\u00a0\u00bbBebas Neue||||||||\u00a0\u00bb header_text_color=\u00a0\u00bb#898989&Prime; header_font_size=\u00a0\u00bb33px\u00a0\u00bb header_line_height=\u00a0\u00bb2em\u00a0\u00bb body_text_color=\u00a0\u00bb#FFFFFF\u00a0\u00bb custom_margin=\u00a0\u00bb41px|||||\u00a0\u00bb global_colors_info=\u00a0\u00bb{}\u00a0\u00bb]<\/p>\n<p class=\"product-description-txt\">Engagez l&rsquo;un de nos guides professionnels locaux pour vous emmener en excursion d&rsquo;une demi-journ\u00e9e dans l&rsquo;un de nos nombreux et incroyables domaines exploitables permanents. Si le temps le permet, vous verrez quelques-uns des plus beaux paysages de l&rsquo;arri\u00e8re-pays et des plus belles vues que la cha\u00eene c\u00f4ti\u00e8re a \u00e0 offrir ! Le voyage comprend la location d&rsquo;une motoneige Polaris 2024 !<\/p>\n<ul>\n<li dir=\"auto\">Les excursions d&rsquo;une demi-journ\u00e9e se d\u00e9roulent \u00e0 8 heures ou \u00e0 12 heures et l&rsquo;objectif est de 3,5 heures de conduite effective.<\/li>\n<\/ul>\n<p>[\/et_pb_blurb][et_pb_button button_url=\u00a0\u00bbhttps:\/\/ridewhistler.ca\/product\/guided-half-day-trip\/\u00a0\u00bb button_text=\u00a0\u00bbR\u00e9servez ici\u00a0\u00bb button_alignment=\u00a0\u00bbleft\u00a0\u00bb _builder_version=\u00a0\u00bb4.21.0&Prime; _module_preset=\u00a0\u00bbdefault\u00a0\u00bb custom_button=\u00a0\u00bbon\u00a0\u00bb button_text_size=\u00a0\u00bb25px\u00a0\u00bb button_text_color=\u00a0\u00bb#FFFFFF\u00a0\u00bb button_bg_color=\u00a0\u00bb#579915&Prime; button_border_width=\u00a0\u00bb0px\u00a0\u00bb button_border_radius=\u00a0\u00bb5px\u00a0\u00bb button_font=\u00a0\u00bbBebas Neue|||on|||||\u00a0\u00bb custom_margin=\u00a0\u00bb|||90px|false|false\u00a0\u00bb custom_padding=\u00a0\u00bb5px||5px||false|false\u00a0\u00bb global_colors_info=\u00a0\u00bb{}\u00a0\u00bb][\/et_pb_button][\/et_pb_column][\/et_pb_row][et_pb_row column_structure=\u00a0\u00bb3_5,2_5&Prime; _builder_version=\u00a0\u00bb4.21.0&Prime; _module_preset=\u00a0\u00bbdefault\u00a0\u00bb width=\u00a0\u00bb89%\u00a0\u00bb max_width=\u00a0\u00bb1401px\u00a0\u00bb custom_margin=\u00a0\u00bb1px|auto||auto||\u00a0\u00bb custom_padding=\u00a0\u00bb||31px|||\u00a0\u00bb global_colors_info=\u00a0\u00bb{}\u00a0\u00bb][et_pb_column type=\u00a0\u00bb3_5&Prime; _builder_version=\u00a0\u00bb4.21.0&Prime; _module_preset=\u00a0\u00bbdefault\u00a0\u00bb global_colors_info=\u00a0\u00bb{}\u00a0\u00bb][et_pb_blurb title=\u00a0\u00bbExcursion guid\u00e9e d&apos;une journ\u00e9e en motoneige dans l&apos;arri\u00e8re-pays\u00a0\u00bb use_icon=\u00a0\u00bbon\u00a0\u00bb _builder_version=\u00a0\u00bb4.21.0&Prime; _module_preset=\u00a0\u00bbdefault\u00a0\u00bb header_font=\u00a0\u00bbBebas Neue||||||||\u00a0\u00bb header_text_color=\u00a0\u00bb#898989&Prime; header_font_size=\u00a0\u00bb33px\u00a0\u00bb header_line_height=\u00a0\u00bb2em\u00a0\u00bb body_text_color=\u00a0\u00bb#FFFFFF\u00a0\u00bb custom_margin=\u00a0\u00bb41px||1px|||\u00a0\u00bb global_colors_info=\u00a0\u00bb{}\u00a0\u00bb]<\/p>\n<p>Engagez l&rsquo;un de nos guides professionnels locaux pour une excursion d&rsquo;une journ\u00e9e dans l&rsquo;un de nos nombreux domaines exploitables. Vous verrez quelques-uns des plus beaux paysages de l&rsquo;arri\u00e8re-pays et des plus belles vues que la cha\u00eene c\u00f4ti\u00e8re a \u00e0 offrir ! Faites en sorte que votre groupe soit priv\u00e9 et personnalisez votre journ\u00e9e en une clinique d&rsquo;habilet\u00e9s priv\u00e9e si vous le souhaitez ! Le co\u00fbt de base NE COMPREND PAS la location d&rsquo;une motoneige (495 $). Si vous n&rsquo;apportez pas votre propre motoneige, assurez-vous de s\u00e9lectionner l&rsquo;option de location de motoneige ci-dessous. Le d\u00e9jeuner est inclus pour les clients qui engagent notre guide et louent une motoneige.<\/p>\n<ul>\n<li dir=\"auto\">Attention : Si vous venez seul, veuillez nous contacter \u00e0 l&rsquo;avance pour vous assurer que nous avons un groupe \u00e0 vous proposer. Nous offrons la possibilit\u00e9 d&rsquo;une aventure priv\u00e9e en t\u00eate-\u00e0-t\u00eate avec un guide pour 795 $ (cela n&rsquo;inclut pas la location d&rsquo;une sled).<\/li>\n<\/ul>\n<p>[\/et_pb_blurb][et_pb_button button_url=\u00a0\u00bbhttps:\/\/ridewhistler.ca\/product\/guided-day-trip\/\u00a0\u00bb button_text=\u00a0\u00bbR\u00e9servez ici\u00a0\u00bb button_alignment=\u00a0\u00bbleft\u00a0\u00bb _builder_version=\u00a0\u00bb4.21.0&Prime; _module_preset=\u00a0\u00bbdefault\u00a0\u00bb custom_button=\u00a0\u00bbon\u00a0\u00bb button_text_size=\u00a0\u00bb25px\u00a0\u00bb button_text_color=\u00a0\u00bb#FFFFFF\u00a0\u00bb button_bg_color=\u00a0\u00bb#579915&Prime; button_border_width=\u00a0\u00bb0px\u00a0\u00bb button_border_radius=\u00a0\u00bb5px\u00a0\u00bb button_font=\u00a0\u00bbBebas Neue|||on|||||\u00a0\u00bb custom_margin=\u00a0\u00bb|||90px|false|false\u00a0\u00bb custom_padding=\u00a0\u00bb5px||5px||false|false\u00a0\u00bb global_colors_info=\u00a0\u00bb{}\u00a0\u00bb][\/et_pb_button][\/et_pb_column][et_pb_column type=\u00a0\u00bb2_5&Prime; _builder_version=\u00a0\u00bb4.21.0&Prime; _module_preset=\u00a0\u00bbdefault\u00a0\u00bb global_colors_info=\u00a0\u00bb{}\u00a0\u00bb][et_pb_image src=\u00a0\u00bbhttps:\/\/ridewhistler.ca\/wp-content\/uploads\/2021\/10\/image6.jpeg\u00a0\u00bb title_text=\u00a0\u00bbimage6&Prime; _builder_version=\u00a0\u00bb4.21.0&Prime; _module_preset=\u00a0\u00bbdefault\u00a0\u00bb custom_margin=\u00a0\u00bb74px||||false|false\u00a0\u00bb global_colors_info=\u00a0\u00bb{}\u00a0\u00bb][\/et_pb_image][\/et_pb_column][\/et_pb_row][et_pb_row column_structure=\u00a0\u00bb2_5,3_5&Prime; _builder_version=\u00a0\u00bb4.21.0&Prime; _module_preset=\u00a0\u00bbdefault\u00a0\u00bb width=\u00a0\u00bb89%\u00a0\u00bb max_width=\u00a0\u00bb1401px\u00a0\u00bb custom_margin=\u00a0\u00bb1px|auto||auto||\u00a0\u00bb custom_padding=\u00a0\u00bb||65px|||\u00a0\u00bb global_colors_info=\u00a0\u00bb{}\u00a0\u00bb][et_pb_column type=\u00a0\u00bb2_5&Prime; _builder_version=\u00a0\u00bb4.21.0&Prime; _module_preset=\u00a0\u00bbdefault\u00a0\u00bb global_colors_info=\u00a0\u00bb{}\u00a0\u00bb][et_pb_image src=\u00a0\u00bbhttps:\/\/ridewhistler.ca\/wp-content\/uploads\/2023\/11\/IMG_3443-1024&#215;768-1.jpeg\u00a0\u00bb title_text=\u00a0\u00bbIMG_3443-1024&#215;768&Prime; _builder_version=\u00a0\u00bb4.21.0&Prime; _module_preset=\u00a0\u00bbdefault\u00a0\u00bb global_colors_info=\u00a0\u00bb{}\u00a0\u00bb][\/et_pb_image][\/et_pb_column][et_pb_column type=\u00a0\u00bb3_5&Prime; _builder_version=\u00a0\u00bb4.21.0&Prime; _module_preset=\u00a0\u00bbdefault\u00a0\u00bb global_colors_info=\u00a0\u00bb{}\u00a0\u00bb][et_pb_blurb title=\u00a0\u00bbRandonn\u00e9e guid\u00e9e de plusieurs jours en motoneige dans l&apos;arri\u00e8re-pays\u00a0\u00bb use_icon=\u00a0\u00bbon\u00a0\u00bb _builder_version=\u00a0\u00bb4.21.0&Prime; _module_preset=\u00a0\u00bbdefault\u00a0\u00bb header_font=\u00a0\u00bbBebas Neue||||||||\u00a0\u00bb header_text_color=\u00a0\u00bb#898989&Prime; header_font_size=\u00a0\u00bb33px\u00a0\u00bb header_line_height=\u00a0\u00bb2em\u00a0\u00bb body_text_color=\u00a0\u00bb#FFFFFF\u00a0\u00bb custom_margin=\u00a0\u00bb41px|||||\u00a0\u00bb global_colors_info=\u00a0\u00bb{}\u00a0\u00bb]<\/p>\n<p class=\"product-description-txt\"><span>Engagez l&rsquo;un de nos guides professionnels locaux pour une excursion d&rsquo;une journ\u00e9e dans l&rsquo;un de nos nombreux domaines exploitables Vous verrez quelques-uns des plus beaux paysages de l&rsquo;arri\u00e8re-pays et des plus belles vues que la cha\u00eene c\u00f4ti\u00e8re a \u00e0 offrir ! Faites en sorte que votre groupe soit priv\u00e9 et personnalisez votre journ\u00e9e en une clinique d&rsquo;habilet\u00e9s priv\u00e9e si vous le souhaitez ! Le co\u00fbt de base NE COMPREND PAS la location d&rsquo;une motoneige. Si vous n&rsquo;apportez pas votre propre motoneige, assurez-vous de s\u00e9lectionner l&rsquo;option de location de motoneige ci-dessous. Le d\u00e9jeuner est inclus pour les clients qui engagent notre guide et louent une motoneige.<\/span><\/p>\n<p>[\/et_pb_blurb][et_pb_button button_url=\u00a0\u00bbhttps:\/\/ridewhistler.ca\/product\/guided-multi-day-trip\/\u00a0\u00bb button_text=\u00a0\u00bbR\u00e9servez ici\u00a0\u00bb button_alignment=\u00a0\u00bbleft\u00a0\u00bb _builder_version=\u00a0\u00bb4.21.0&Prime; _module_preset=\u00a0\u00bbdefault\u00a0\u00bb custom_button=\u00a0\u00bbon\u00a0\u00bb button_text_size=\u00a0\u00bb25px\u00a0\u00bb button_text_color=\u00a0\u00bb#FFFFFF\u00a0\u00bb button_bg_color=\u00a0\u00bb#579915&Prime; button_border_width=\u00a0\u00bb0px\u00a0\u00bb button_border_radius=\u00a0\u00bb5px\u00a0\u00bb button_font=\u00a0\u00bbBebas Neue|||on|||||\u00a0\u00bb custom_margin=\u00a0\u00bb|||90px|false|false\u00a0\u00bb custom_padding=\u00a0\u00bb5px||5px||false|false\u00a0\u00bb global_colors_info=\u00a0\u00bb{}\u00a0\u00bb][\/et_pb_button][\/et_pb_column][\/et_pb_row][et_pb_row column_structure=\u00a0\u00bb3_5,2_5&Prime; _builder_version=\u00a0\u00bb4.21.0&Prime; _module_preset=\u00a0\u00bbdefault\u00a0\u00bb width=\u00a0\u00bb89%\u00a0\u00bb max_width=\u00a0\u00bb1401px\u00a0\u00bb custom_margin=\u00a0\u00bb1px|auto||auto||\u00a0\u00bb custom_padding=\u00a0\u00bb3px||65px|||\u00a0\u00bb global_colors_info=\u00a0\u00bb{}\u00a0\u00bb][et_pb_column type=\u00a0\u00bb3_5&Prime; _builder_version=\u00a0\u00bb4.21.0&Prime; _module_preset=\u00a0\u00bbdefault\u00a0\u00bb global_colors_info=\u00a0\u00bb{}\u00a0\u00bb][et_pb_blurb title=\u00a0\u00bbJourn\u00e9e de ski \/ snowboard en motoneige dans l&apos;arri\u00e8re-pays\u00a0\u00bb use_icon=\u00a0\u00bbon\u00a0\u00bb _builder_version=\u00a0\u00bb4.21.0&Prime; _module_preset=\u00a0\u00bbdefault\u00a0\u00bb header_font=\u00a0\u00bbBebas Neue||||||||\u00a0\u00bb header_text_color=\u00a0\u00bb#898989&Prime; header_font_size=\u00a0\u00bb33px\u00a0\u00bb header_line_height=\u00a0\u00bb2em\u00a0\u00bb body_text_color=\u00a0\u00bb#FFFFFF\u00a0\u00bb custom_margin=\u00a0\u00bb41px|||||\u00a0\u00bb global_colors_info=\u00a0\u00bb{}\u00a0\u00bb]<\/p>\n<p>Vous avez toujours r\u00eav\u00e9 de participer \u00e0 l&rsquo;une de ces productions de ski \u00e0 gros budget ? Il n&rsquo;y a rien de mieux que de rouler en motoneige jusqu&rsquo;\u00e0 ce que vous trouviez quelque chose d&rsquo;amusant \u00e0 skier. Vous vous installez, vous descendez, et en quelques minutes vous \u00eates pr\u00eat \u00e0 repartir ! vous \u00eates alors libre de partir \u00e0 la recherche d&rsquo;une autre meilleure ligne.<\/p>\n<p>[\/et_pb_blurb][et_pb_button button_url=\u00a0\u00bbhttps:\/\/ridewhistler.ca\/product\/sled-ski-snowboard-backcountry-day\/\u00a0\u00bb button_text=\u00a0\u00bbR\u00e9servez ici\u00a0\u00bb button_alignment=\u00a0\u00bbleft\u00a0\u00bb _builder_version=\u00a0\u00bb4.21.0&Prime; _module_preset=\u00a0\u00bbdefault\u00a0\u00bb custom_button=\u00a0\u00bbon\u00a0\u00bb button_text_size=\u00a0\u00bb25px\u00a0\u00bb button_text_color=\u00a0\u00bb#FFFFFF\u00a0\u00bb button_bg_color=\u00a0\u00bb#579915&Prime; button_border_width=\u00a0\u00bb0px\u00a0\u00bb button_border_radius=\u00a0\u00bb5px\u00a0\u00bb button_font=\u00a0\u00bbBebas Neue|||on|||||\u00a0\u00bb custom_margin=\u00a0\u00bb|||90px|false|false\u00a0\u00bb custom_padding=\u00a0\u00bb5px||5px||false|false\u00a0\u00bb global_colors_info=\u00a0\u00bb{}\u00a0\u00bb][\/et_pb_button][\/et_pb_column][et_pb_column type=\u00a0\u00bb2_5&Prime; _builder_version=\u00a0\u00bb4.21.0&Prime; _module_preset=\u00a0\u00bbdefault\u00a0\u00bb global_colors_info=\u00a0\u00bb{}\u00a0\u00bb][et_pb_image src=\u00a0\u00bbhttps:\/\/ridewhistler.ca\/wp-content\/uploads\/2023\/11\/IMG_2334-scaled-1.jpg\u00a0\u00bb title_text=\u00a0\u00bbIMG_2334&Prime; _builder_version=\u00a0\u00bb4.21.0&Prime; _module_preset=\u00a0\u00bbdefault\u00a0\u00bb custom_margin=\u00a0\u00bb39px|||||\u00a0\u00bb global_colors_info=\u00a0\u00bb{}\u00a0\u00bb][\/et_pb_image][\/et_pb_column][\/et_pb_row][et_pb_row column_structure=\u00a0\u00bb2_5,3_5&Prime; _builder_version=\u00a0\u00bb4.21.0&Prime; _module_preset=\u00a0\u00bbdefault\u00a0\u00bb width=\u00a0\u00bb89%\u00a0\u00bb max_width=\u00a0\u00bb1401px\u00a0\u00bb custom_margin=\u00a0\u00bb1px|auto||auto||\u00a0\u00bb global_colors_info=\u00a0\u00bb{}\u00a0\u00bb][et_pb_column type=\u00a0\u00bb2_5&Prime; _builder_version=\u00a0\u00bb4.21.0&Prime; _module_preset=\u00a0\u00bbdefault\u00a0\u00bb global_colors_info=\u00a0\u00bb{}\u00a0\u00bb][et_pb_image src=\u00a0\u00bbhttps:\/\/ridewhistler.ca\/wp-content\/uploads\/2022\/09\/ride_with_Ian_McIntosh.jpg\u00a0\u00bb title_text=\u00a0\u00bbride_with_Ian_McIntosh\u00a0\u00bb _builder_version=\u00a0\u00bb4.21.0&Prime; _module_preset=\u00a0\u00bbdefault\u00a0\u00bb global_colors_info=\u00a0\u00bb{}\u00a0\u00bb][\/et_pb_image][\/et_pb_column][et_pb_column type=\u00a0\u00bb3_5&Prime; _builder_version=\u00a0\u00bb4.21.0&Prime; _module_preset=\u00a0\u00bbdefault\u00a0\u00bb global_colors_info=\u00a0\u00bb{}\u00a0\u00bb][et_pb_blurb title=\u00a0\u00bbRouler dans l&apos;arri\u00e8re-pays de Whistler avec Ian McIntosh\u00a0\u00bb use_icon=\u00a0\u00bbon\u00a0\u00bb _builder_version=\u00a0\u00bb4.21.0&Prime; _module_preset=\u00a0\u00bbdefault\u00a0\u00bb header_font=\u00a0\u00bbBebas Neue||||||||\u00a0\u00bb header_text_align=\u00a0\u00bbright\u00a0\u00bb header_text_color=\u00a0\u00bb#898989&Prime; header_font_size=\u00a0\u00bb33px\u00a0\u00bb header_line_height=\u00a0\u00bb2em\u00a0\u00bb body_text_color=\u00a0\u00bb#FFFFFF\u00a0\u00bb custom_margin=\u00a0\u00bb1px|||||\u00a0\u00bb custom_padding=\u00a0\u00bb42px|||||\u00a0\u00bb global_colors_info=\u00a0\u00bb{}\u00a0\u00bb]<\/p>\n<p>La meilleure neige du Canada, dans l&rsquo;un des meilleurs terrains et \u00e0 c\u00f4t\u00e9 de vous Ian McIntosh. Rien de mieux pour am\u00e9liorer votre ski en une seule journ\u00e9e. Les souvenirs sont faits de \u00e7a&#8230;<\/p>\n<p>[\/et_pb_blurb][et_pb_button button_url=\u00a0\u00bbhttps:\/\/ridewhistler.ca\/product\/backcountry-sledding-with-ian-mcintosh\/\u00a0\u00bb button_text=\u00a0\u00bbR\u00e9servez ici\u00a0\u00bb button_alignment=\u00a0\u00bbright\u00a0\u00bb _builder_version=\u00a0\u00bb4.21.0&Prime; _module_preset=\u00a0\u00bbdefault\u00a0\u00bb custom_button=\u00a0\u00bbon\u00a0\u00bb button_text_size=\u00a0\u00bb25px\u00a0\u00bb button_text_color=\u00a0\u00bb#FFFFFF\u00a0\u00bb button_bg_color=\u00a0\u00bb#579915&Prime; button_border_width=\u00a0\u00bb0px\u00a0\u00bb button_border_radius=\u00a0\u00bb5px\u00a0\u00bb button_font=\u00a0\u00bbBebas Neue|||on|||||\u00a0\u00bb custom_margin=\u00a0\u00bb|90px|||false|false\u00a0\u00bb custom_padding=\u00a0\u00bb5px||5px||false|false\u00a0\u00bb global_colors_info=\u00a0\u00bb{}\u00a0\u00bb][\/et_pb_button][\/et_pb_column][\/et_pb_row][et_pb_row column_structure=\u00a0\u00bb3_5,2_5&Prime; _builder_version=\u00a0\u00bb4.21.0&Prime; _module_preset=\u00a0\u00bbdefault\u00a0\u00bb width=\u00a0\u00bb89%\u00a0\u00bb max_width=\u00a0\u00bb1401px\u00a0\u00bb custom_margin=\u00a0\u00bb1px|auto||auto||\u00a0\u00bb global_colors_info=\u00a0\u00bb{}\u00a0\u00bb][et_pb_column type=\u00a0\u00bb3_5&Prime; _builder_version=\u00a0\u00bb4.21.0&Prime; _module_preset=\u00a0\u00bbdefault\u00a0\u00bb global_colors_info=\u00a0\u00bb{}\u00a0\u00bb][et_pb_blurb title=\u00a0\u00bbJourn\u00e9e compl\u00e8te de randonn\u00e9e guid\u00e9e en motoneige dans l&apos;arri\u00e8re-pays\u00a0\u00bb use_icon=\u00a0\u00bbon\u00a0\u00bb _builder_version=\u00a0\u00bb4.21.0&Prime; _module_preset=\u00a0\u00bbdefault\u00a0\u00bb header_font=\u00a0\u00bbBebas Neue||||||||\u00a0\u00bb header_text_align=\u00a0\u00bbright\u00a0\u00bb header_text_color=\u00a0\u00bb#898989&Prime; header_font_size=\u00a0\u00bb33px\u00a0\u00bb header_line_height=\u00a0\u00bb2em\u00a0\u00bb body_text_color=\u00a0\u00bb#FFFFFF\u00a0\u00bb custom_margin=\u00a0\u00bb1px|||||\u00a0\u00bb custom_padding=\u00a0\u00bb42px|||||\u00a0\u00bb global_colors_info=\u00a0\u00bb{}\u00a0\u00bb]<\/p>\n<p><span>Engagez l&rsquo;un de nos guides professionnels locaux pour une excursion d&rsquo;une journ\u00e9e dans l&rsquo;un de nos nombreux domaines exploitables. Explorez des terrains infinis sur l&rsquo;une de nos motoneiges Timbersled. Ces machines sont con\u00e7ues pour aller presque partout. La courbe d&rsquo;apprentissage du snowbike est plus rapide que celle de la motoneige et il est facile de travailler sur des terrains en pente. Laissez-nous vous emmener dans une aventure de motoneige que vous n&rsquo;oublierez jamais !<\/span><br \/><span>Le co\u00fbt de base NE COMPREND PAS la location d&rsquo;une motoneige (495 $). Si vous n&rsquo;apportez pas votre propre motoneige, assurez-vous de s\u00e9lectionner l&rsquo;option de location de motoneige ci-dessous. Le d\u00e9jeuner est inclus pour les clients qui engagent notre guide et louent une motoneige.<\/span><\/p>\n<p>[\/et_pb_blurb][et_pb_button button_url=\u00a0\u00bbhttps:\/\/ridewhistler.ca\/product\/full-day-guided-backcountry-snowbike\/\u00a0\u00bb button_text=\u00a0\u00bbR\u00e9servez ici\u00a0\u00bb button_alignment=\u00a0\u00bbright\u00a0\u00bb _builder_version=\u00a0\u00bb4.21.0&Prime; _module_preset=\u00a0\u00bbdefault\u00a0\u00bb custom_button=\u00a0\u00bbon\u00a0\u00bb button_text_size=\u00a0\u00bb25px\u00a0\u00bb button_text_color=\u00a0\u00bb#FFFFFF\u00a0\u00bb button_bg_color=\u00a0\u00bb#579915&Prime; button_border_width=\u00a0\u00bb0px\u00a0\u00bb button_border_radius=\u00a0\u00bb5px\u00a0\u00bb button_font=\u00a0\u00bbBebas Neue|||on|||||\u00a0\u00bb custom_margin=\u00a0\u00bb|90px|||false|false\u00a0\u00bb custom_padding=\u00a0\u00bb5px||5px||false|false\u00a0\u00bb global_colors_info=\u00a0\u00bb{}\u00a0\u00bb][\/et_pb_button][\/et_pb_column][et_pb_column type=\u00a0\u00bb2_5&Prime; _builder_version=\u00a0\u00bb4.21.0&Prime; _module_preset=\u00a0\u00bbdefault\u00a0\u00bb global_colors_info=\u00a0\u00bb{}\u00a0\u00bb][et_pb_image src=\u00a0\u00bbhttps:\/\/ridewhistler.ca\/wp-content\/uploads\/2023\/11\/image3-1024&#215;1024-1.jpeg\u00a0\u00bb title_text=\u00a0\u00bbimage3-1024&#215;1024&Prime; _builder_version=\u00a0\u00bb4.21.0&Prime; _module_preset=\u00a0\u00bbdefault\u00a0\u00bb global_colors_info=\u00a0\u00bb{}\u00a0\u00bb][\/et_pb_image][\/et_pb_column][\/et_pb_row][\/et_pb_section]<\/p>\n","protected":false},"excerpt":{"rendered":"<p>D\u00e9couvrez tous nos circuits d&rsquo;hiver et choisissez votre exp\u00e9rience inoubliableAvez-vous d\u00e9j\u00e0 r\u00eav\u00e9 d&rsquo;aller dans une grotte de glace qui contient de la glace vieille de 10 000 \u00e0 20 000 ans ? Venez faire de la motoneige avec nous et explorez des grottes de glace r\u00e9cemment d\u00e9couvertes sur la calotte glaciaire de Pemberton, juste \u00e0 [&hellip;]<\/p>\n","protected":false},"author":1017,"featured_media":0,"parent":0,"menu_order":0,"comment_status":"closed","ping_status":"closed","template":"","meta":{"_et_pb_use_builder":"on","_et_pb_old_content":"","_et_gb_content_width":"","jetpack_post_was_ever_published":false,"footnotes":""},"jetpack_sharing_enabled":true,"jetpack_shortlink":"https:\/\/wp.me\/P70Wif-2aR2","_links":{"self":[{"href":"https:\/\/ridewhistler.ca\/fr\/wp-json\/wp\/v2\/pages\/518384"}],"collection":[{"href":"https:\/\/ridewhistler.ca\/fr\/wp-json\/wp\/v2\/pages"}],"about":[{"href":"https:\/\/ridewhistler.ca\/fr\/wp-json\/wp\/v2\/types\/page"}],"author":[{"embeddable":true,"href":"https:\/\/ridewhistler.ca\/fr\/wp-json\/wp\/v2\/users\/1017"}],"replies":[{"embeddable":true,"href":"https:\/\/ridewhistler.ca\/fr\/wp-json\/wp\/v2\/comments?post=518384"}],"version-history":[{"count":5,"href":"https:\/\/ridewhistler.ca\/fr\/wp-json\/wp\/v2\/pages\/518384\/revisions"}],"predecessor-version":[{"id":526369,"href":"https:\/\/ridewhistler.ca\/fr\/wp-json\/wp\/v2\/pages\/518384\/revisions\/526369"}],"wp:attachment":[{"href":"https:\/\/ridewhistler.ca\/fr\/wp-json\/wp\/v2\/media?parent=518384"}],"curies":[{"name":"wp","href":"https:\/\/api.w.org\/{rel}","templated":true}]}}