{"id":518387,"date":"2023-11-10T22:48:17","date_gmt":"2023-11-11T06:48:17","guid":{"rendered":"https:\/\/ridewhistler.ca\/clinique-de-la-luge\/"},"modified":"2023-11-14T10:19:14","modified_gmt":"2023-11-14T18:19:14","slug":"clinique-de-la-luge","status":"publish","type":"page","link":"https:\/\/ridewhistler.ca\/fr\/clinique-de-la-luge\/","title":{"rendered":"Clinique de la luge"},"content":{"rendered":"<p>[et_pb_section fb_built=\u00a0\u00bb1&Prime; _builder_version=\u00a0\u00bb4.21.0&Prime; _module_preset=\u00a0\u00bbdefault\u00a0\u00bb background_image=\u00a0\u00bbhttps:\/\/ridewhistler.ca\/wp-content\/uploads\/2023\/11\/DSC07420-1-1024&#215;683-1.jpeg\u00a0\u00bb min_height=\u00a0\u00bb410.6px\u00a0\u00bb custom_margin=\u00a0\u00bb||||false|false\u00a0\u00bb custom_padding=\u00a0\u00bb0px||2px|||\u00a0\u00bb hover_enabled=\u00a0\u00bb0&Prime; global_colors_info=\u00a0\u00bb{}\u00a0\u00bb sticky_enabled=\u00a0\u00bb0&Prime;][et_pb_row _builder_version=\u00a0\u00bb4.21.0&Prime; _module_preset=\u00a0\u00bbdefault\u00a0\u00bb custom_padding=\u00a0\u00bb51px||0px|||\u00a0\u00bb global_colors_info=\u00a0\u00bb{}\u00a0\u00bb][et_pb_column type=\u00a0\u00bb4_4&Prime; _builder_version=\u00a0\u00bb4.21.0&Prime; _module_preset=\u00a0\u00bbdefault\u00a0\u00bb global_colors_info=\u00a0\u00bb{}\u00a0\u00bb][et_pb_divider color=\u00a0\u00bb#579915&Prime; divider_weight=\u00a0\u00bb4px\u00a0\u00bb _builder_version=\u00a0\u00bb4.21.0&Prime; _module_preset=\u00a0\u00bbdefault\u00a0\u00bb width=\u00a0\u00bb61%\u00a0\u00bb module_alignment=\u00a0\u00bbcenter\u00a0\u00bb custom_margin=\u00a0\u00bb||1px|||\u00a0\u00bb global_colors_info=\u00a0\u00bb{}\u00a0\u00bb][\/et_pb_divider][et_pb_text _builder_version=\u00a0\u00bb4.21.0&Prime; _module_preset=\u00a0\u00bbdefault\u00a0\u00bb header_font=\u00a0\u00bbBebas Neue|700|||||||\u00a0\u00bb header_text_align=\u00a0\u00bbcenter\u00a0\u00bb header_text_color=\u00a0\u00bb#FFFFFF\u00a0\u00bb header_font_size=\u00a0\u00bb35px\u00a0\u00bb custom_margin=\u00a0\u00bb-2px||22px|||\u00a0\u00bb global_colors_info=\u00a0\u00bb{}\u00a0\u00bb]<\/p>\n<h1>En collaboration avec Polaris Snowmobiles,<\/h1>\n<h1>nous organiserons des camps \u00e0 Pemberton, en Colombie-Britannique, cette saison.<\/h1>\n<p>[\/et_pb_text][et_pb_divider color=\u00a0\u00bb#579915&Prime; divider_weight=\u00a0\u00bb4px\u00a0\u00bb _builder_version=\u00a0\u00bb4.21.0&Prime; _module_preset=\u00a0\u00bbdefault\u00a0\u00bb width=\u00a0\u00bb61%\u00a0\u00bb module_alignment=\u00a0\u00bbcenter\u00a0\u00bb global_colors_info=\u00a0\u00bb{}\u00a0\u00bb][\/et_pb_divider][\/et_pb_column][\/et_pb_row][\/et_pb_section][et_pb_section fb_built=\u00a0\u00bb1&Prime; _builder_version=\u00a0\u00bb4.21.0&Prime; _module_preset=\u00a0\u00bbdefault\u00a0\u00bb background_color=\u00a0\u00bb#000000&Prime; custom_margin=\u00a0\u00bb-5px|||||\u00a0\u00bb custom_padding=\u00a0\u00bb6px||4px|||\u00a0\u00bb global_colors_info=\u00a0\u00bb{}\u00a0\u00bb][et_pb_row _builder_version=\u00a0\u00bb4.21.0&Prime; _module_preset=\u00a0\u00bbdefault\u00a0\u00bb custom_padding=\u00a0\u00bb||61px|||\u00a0\u00bb global_colors_info=\u00a0\u00bb{}\u00a0\u00bb][et_pb_column type=\u00a0\u00bb4_4&Prime; _builder_version=\u00a0\u00bb4.21.0&Prime; _module_preset=\u00a0\u00bbdefault\u00a0\u00bb global_colors_info=\u00a0\u00bb{}\u00a0\u00bb][et_pb_text _builder_version=\u00a0\u00bb4.21.0&Prime; _module_preset=\u00a0\u00bbdefault\u00a0\u00bb text_font=\u00a0\u00bbEB Garamond||||||||\u00a0\u00bb text_text_color=\u00a0\u00bb#FFFFFF\u00a0\u00bb text_font_size=\u00a0\u00bb17px\u00a0\u00bb global_colors_info=\u00a0\u00bb{}\u00a0\u00bb]<\/p>\n<p>Ces stages techniques de pliotage porteront sur tous les sujets, de la formation aux avalanches aux ateliers de comp\u00e9tences techniques de ride. L&rsquo;\u00e9quipe de Chris vous aidera \u00e0 am\u00e9liorer vos comp\u00e9tences en boondocking, sidehilling, mouvements techniques, hill climbing, deep powder descents, saut, whips et bien plus encore !!!<\/p>\n<p>Nous travaillerons avec chaque participant pour nous assurer que TOUS am\u00e9liorent leur niveau de pliotage. Il ne s&rsquo;agit pas d&rsquo;un stage de type \u00ab\u00a0suivez-moi\u00a0\u00bb&#8230; il s&rsquo;agit d&rsquo;un stage pratique avec participation obligatoire. Nous travaillerons avec vous sur TOUTES les techniques de ride. Le ratio instructeur\/client ne d\u00e9passera jamais 1:6.<\/p>\n<p>Cette ann\u00e9e, nous divisons les stages en stages pour d\u00e9butants, interm\u00e9diaires et avanc\u00e9s. Veuillez suivre les lignes directrices suivantes pour d\u00e9terminer quelle CLINIQUE vous conviendrait le mieux, ainsi qu&rsquo;au reste du groupe :<\/p>\n<p>D\u00e9butant\/Interm\u00e9diaire : Sidehilling, conduite dans la neige profonde, introduction \u00e0 la conduite dans les arbres, changement de direction, techniques pour ne pas rester coinc\u00e9 et pour se d\u00e9gager.<\/p>\n<p>Interm\u00e9diaire : Sidehilling technique, tree riding, deep powder riding, man\u0153uvres techniques, sauts, introduction aux hop-overs.<\/p>\n<p>Avanc\u00e9 : Arbre technique, hop-overs, turn-downs, lignes techniques, elevators, sauts, whips, et plus encore.<\/p>\n<p>[\/et_pb_text][\/et_pb_column][\/et_pb_row][et_pb_row column_structure=\u00a0\u00bb1_3,1_3,1_3&Prime; use_custom_gutter=\u00a0\u00bbon\u00a0\u00bb gutter_width=\u00a0\u00bb2&Prime; make_equal=\u00a0\u00bbon\u00a0\u00bb _builder_version=\u00a0\u00bb4.21.0&Prime; _module_preset=\u00a0\u00bbdefault\u00a0\u00bb background_enable_color=\u00a0\u00bboff\u00a0\u00bb max_width=\u00a0\u00bb1325px\u00a0\u00bb module_alignment=\u00a0\u00bbcenter\u00a0\u00bb global_colors_info=\u00a0\u00bb{}\u00a0\u00bb][et_pb_column type=\u00a0\u00bb1_3&Prime; _builder_version=\u00a0\u00bb4.21.0&Prime; _module_preset=\u00a0\u00bbdefault\u00a0\u00bb background_color=\u00a0\u00bb#FFFFFF\u00a0\u00bb custom_padding=\u00a0\u00bb14px||14px||false|false\u00a0\u00bb global_colors_info=\u00a0\u00bb{}\u00a0\u00bb][et_pb_blurb title=\u00a0\u00bbWhistler, BC 16-17 d\u00e9cembre\u00a0\u00bb use_icon=\u00a0\u00bbon\u00a0\u00bb font_icon=\u00a0\u00bb&#xe081;||divi||400&Prime; icon_color=\u00a0\u00bb#579915&Prime; image_icon_background_color=\u00a0\u00bb#FFFFFF\u00a0\u00bb image_icon_width=\u00a0\u00bb56px\u00a0\u00bb _builder_version=\u00a0\u00bb4.21.0&Prime; _module_preset=\u00a0\u00bbdefault\u00a0\u00bb header_font=\u00a0\u00bbBebas Neue|700|||||||\u00a0\u00bb header_text_align=\u00a0\u00bbcenter\u00a0\u00bb header_font_size=\u00a0\u00bb30px\u00a0\u00bb body_font=\u00a0\u00bbEB Garamond||||||||\u00a0\u00bb body_text_align=\u00a0\u00bbcenter\u00a0\u00bb body_font_size=\u00a0\u00bb16px\u00a0\u00bb body_line_height=\u00a0\u00bb2.4em\u00a0\u00bb image_icon_custom_margin=\u00a0\u00bb-40px||||false|false\u00a0\u00bb image_icon_custom_padding=\u00a0\u00bb6px||||false|false\u00a0\u00bb border_radii_image=\u00a0\u00bbon|16px|16px|16px|16px\u00a0\u00bb border_color_all_image=\u00a0\u00bb#FFFFFF\u00a0\u00bb global_colors_info=\u00a0\u00bb{}\u00a0\u00bb]<\/p>\n<p><span>Stage de pilotoge pour hommes d\u00e9butants\/interm\u00e9diaires<\/span><\/p>\n<p>[\/et_pb_blurb][et_pb_button button_url=\u00a0\u00bbhttps:\/\/ridewhistler.ca\/product\/riding-clinic-2019-4\/\u00a0\u00bb button_text=\u00a0\u00bbR\u00e9servez ici\u00a0\u00bb button_alignment=\u00a0\u00bbcenter\u00a0\u00bb _builder_version=\u00a0\u00bb4.21.0&Prime; _module_preset=\u00a0\u00bbdefault\u00a0\u00bb custom_button=\u00a0\u00bbon\u00a0\u00bb button_text_color=\u00a0\u00bb#FFFFFF\u00a0\u00bb button_bg_color=\u00a0\u00bb#579915&Prime; button_font=\u00a0\u00bbBebas Neue||||||||\u00a0\u00bb global_colors_info=\u00a0\u00bb{}\u00a0\u00bb][\/et_pb_button][\/et_pb_column][et_pb_column type=\u00a0\u00bb1_3&Prime; _builder_version=\u00a0\u00bb4.21.0&Prime; _module_preset=\u00a0\u00bbdefault\u00a0\u00bb background_color=\u00a0\u00bb#FFFFFF\u00a0\u00bb custom_padding=\u00a0\u00bb14px||14px||false|false\u00a0\u00bb global_colors_info=\u00a0\u00bb{}\u00a0\u00bb][et_pb_blurb title=\u00a0\u00bbWhistler, BC 5-6 janvier\u00a0\u00bb use_icon=\u00a0\u00bbon\u00a0\u00bb font_icon=\u00a0\u00bb&#xe081;||divi||400&Prime; icon_color=\u00a0\u00bb#579915&Prime; image_icon_background_color=\u00a0\u00bb#FFFFFF\u00a0\u00bb image_icon_width=\u00a0\u00bb56px\u00a0\u00bb _builder_version=\u00a0\u00bb4.21.0&Prime; _module_preset=\u00a0\u00bbdefault\u00a0\u00bb header_font=\u00a0\u00bbBebas Neue|700|||||||\u00a0\u00bb header_text_align=\u00a0\u00bbcenter\u00a0\u00bb header_font_size=\u00a0\u00bb30px\u00a0\u00bb body_font=\u00a0\u00bbEB Garamond||||||||\u00a0\u00bb body_text_align=\u00a0\u00bbcenter\u00a0\u00bb body_font_size=\u00a0\u00bb16px\u00a0\u00bb body_line_height=\u00a0\u00bb2.4em\u00a0\u00bb image_icon_custom_margin=\u00a0\u00bb-40px||||false|false\u00a0\u00bb image_icon_custom_padding=\u00a0\u00bb6px||||false|false\u00a0\u00bb border_radii_image=\u00a0\u00bbon|16px|16px|16px|16px\u00a0\u00bb border_color_all_image=\u00a0\u00bb#FFFFFF\u00a0\u00bb global_colors_info=\u00a0\u00bb{}\u00a0\u00bb]<\/p>\n<p><span>Stage de pilotage pour femmes d\u00e9butantes\/interm\u00e9diaires<\/span><\/p>\n<p>[\/et_pb_blurb][et_pb_button button_url=\u00a0\u00bbhttps:\/\/ridewhistler.ca\/product\/womens-beginner-clinicdec-18-19\/\u00a0\u00bb button_text=\u00a0\u00bbR\u00e9servez ici\u00a0\u00bb button_alignment=\u00a0\u00bbcenter\u00a0\u00bb _builder_version=\u00a0\u00bb4.21.0&Prime; _module_preset=\u00a0\u00bbdefault\u00a0\u00bb custom_button=\u00a0\u00bbon\u00a0\u00bb button_text_color=\u00a0\u00bb#FFFFFF\u00a0\u00bb button_bg_color=\u00a0\u00bb#579915&Prime; button_font=\u00a0\u00bbBebas Neue||||||||\u00a0\u00bb global_colors_info=\u00a0\u00bb{}\u00a0\u00bb][\/et_pb_button][\/et_pb_column][et_pb_column type=\u00a0\u00bb1_3&Prime; _builder_version=\u00a0\u00bb4.21.0&Prime; _module_preset=\u00a0\u00bbdefault\u00a0\u00bb background_color=\u00a0\u00bb#FFFFFF\u00a0\u00bb custom_padding=\u00a0\u00bb14px||14px||false|false\u00a0\u00bb global_colors_info=\u00a0\u00bb{}\u00a0\u00bb][et_pb_blurb title=\u00a0\u00bbWhistler, BC 13-14 janvier\u00a0\u00bb use_icon=\u00a0\u00bbon\u00a0\u00bb font_icon=\u00a0\u00bb&#xe081;||divi||400&Prime; icon_color=\u00a0\u00bb#579915&Prime; image_icon_background_color=\u00a0\u00bb#FFFFFF\u00a0\u00bb image_icon_width=\u00a0\u00bb56px\u00a0\u00bb _builder_version=\u00a0\u00bb4.21.0&Prime; _module_preset=\u00a0\u00bbdefault\u00a0\u00bb header_font=\u00a0\u00bbBebas Neue|700|||||||\u00a0\u00bb header_text_align=\u00a0\u00bbcenter\u00a0\u00bb header_font_size=\u00a0\u00bb30px\u00a0\u00bb body_font=\u00a0\u00bbEB Garamond||||||||\u00a0\u00bb body_text_align=\u00a0\u00bbcenter\u00a0\u00bb body_font_size=\u00a0\u00bb16px\u00a0\u00bb body_line_height=\u00a0\u00bb2.4em\u00a0\u00bb image_icon_custom_margin=\u00a0\u00bb-40px||||false|false\u00a0\u00bb image_icon_custom_padding=\u00a0\u00bb6px||||false|false\u00a0\u00bb border_radii_image=\u00a0\u00bbon|16px|16px|16px|16px\u00a0\u00bb border_color_all_image=\u00a0\u00bb#FFFFFF\u00a0\u00bb global_colors_info=\u00a0\u00bb{}\u00a0\u00bb]<\/p>\n<p><span>Stage de pilotage interm\u00e9diaire<\/span><\/p>\n<p>[\/et_pb_blurb][et_pb_button button_url=\u00a0\u00bbhttps:\/\/ridewhistler.ca\/product\/riding-clinic-2019-3\/\u00a0\u00bb button_text=\u00a0\u00bbR\u00e9servez ici\u00a0\u00bb button_alignment=\u00a0\u00bbcenter\u00a0\u00bb _builder_version=\u00a0\u00bb4.21.0&Prime; _module_preset=\u00a0\u00bbdefault\u00a0\u00bb custom_button=\u00a0\u00bbon\u00a0\u00bb button_text_color=\u00a0\u00bb#FFFFFF\u00a0\u00bb button_bg_color=\u00a0\u00bb#579915&Prime; button_font=\u00a0\u00bbBebas Neue||||||||\u00a0\u00bb global_colors_info=\u00a0\u00bb{}\u00a0\u00bb][\/et_pb_button][\/et_pb_column][\/et_pb_row][\/et_pb_section]<\/p>\n","protected":false},"excerpt":{"rendered":"<p>En collaboration avec Polaris Snowmobiles, nous organiserons des camps \u00e0 Pemberton, en Colombie-Britannique, cette saison.Ces stages techniques de pliotage porteront sur tous les sujets, de la formation aux avalanches aux ateliers de comp\u00e9tences techniques de ride. L&rsquo;\u00e9quipe de Chris vous aidera \u00e0 am\u00e9liorer vos comp\u00e9tences en boondocking, sidehilling, mouvements techniques, hill climbing, deep powder descents, [&hellip;]<\/p>\n","protected":false},"author":1017,"featured_media":0,"parent":0,"menu_order":0,"comment_status":"closed","ping_status":"closed","template":"","meta":{"_et_pb_use_builder":"on","_et_pb_old_content":"","_et_gb_content_width":"","jetpack_post_was_ever_published":false,"footnotes":""},"jetpack_sharing_enabled":true,"jetpack_shortlink":"https:\/\/wp.me\/P70Wif-2aR5","_links":{"self":[{"href":"https:\/\/ridewhistler.ca\/fr\/wp-json\/wp\/v2\/pages\/518387"}],"collection":[{"href":"https:\/\/ridewhistler.ca\/fr\/wp-json\/wp\/v2\/pages"}],"about":[{"href":"https:\/\/ridewhistler.ca\/fr\/wp-json\/wp\/v2\/types\/page"}],"author":[{"embeddable":true,"href":"https:\/\/ridewhistler.ca\/fr\/wp-json\/wp\/v2\/users\/1017"}],"replies":[{"embeddable":true,"href":"https:\/\/ridewhistler.ca\/fr\/wp-json\/wp\/v2\/comments?post=518387"}],"version-history":[{"count":5,"href":"https:\/\/ridewhistler.ca\/fr\/wp-json\/wp\/v2\/pages\/518387\/revisions"}],"predecessor-version":[{"id":526378,"href":"https:\/\/ridewhistler.ca\/fr\/wp-json\/wp\/v2\/pages\/518387\/revisions\/526378"}],"wp:attachment":[{"href":"https:\/\/ridewhistler.ca\/fr\/wp-json\/wp\/v2\/media?parent=518387"}],"curies":[{"name":"wp","href":"https:\/\/api.w.org\/{rel}","templated":true}]}}