{"id":518388,"date":"2023-11-10T22:52:38","date_gmt":"2023-11-11T06:52:38","guid":{"rendered":"https:\/\/ridewhistler.ca\/rouler-et-rester\/"},"modified":"2023-11-14T10:14:43","modified_gmt":"2023-11-14T18:14:43","slug":"rouler-et-rester","status":"publish","type":"page","link":"https:\/\/ridewhistler.ca\/fr\/rouler-et-rester\/","title":{"rendered":"Rouler et rester"},"content":{"rendered":"<p>[et_pb_section fb_built=\u00a0\u00bb1&Prime; _builder_version=\u00a0\u00bb4.21.0&Prime; _module_preset=\u00a0\u00bbdefault\u00a0\u00bb background_color=\u00a0\u00bb#161617&Prime; custom_margin=\u00a0\u00bb0px||||false|false\u00a0\u00bb custom_padding=\u00a0\u00bb6px||3px|||\u00a0\u00bb hover_enabled=\u00a0\u00bb0&Prime; global_colors_info=\u00a0\u00bb{}\u00a0\u00bb sticky_enabled=\u00a0\u00bb0&Prime;][et_pb_row _builder_version=\u00a0\u00bb4.21.0&Prime; _module_preset=\u00a0\u00bbdefault\u00a0\u00bb custom_padding=\u00a0\u00bb40px|||||\u00a0\u00bb global_colors_info=\u00a0\u00bb{}\u00a0\u00bb][et_pb_column type=\u00a0\u00bb4_4&Prime; _builder_version=\u00a0\u00bb4.21.0&Prime; _module_preset=\u00a0\u00bbdefault\u00a0\u00bb global_colors_info=\u00a0\u00bb{}\u00a0\u00bb][et_pb_text _builder_version=\u00a0\u00bb4.21.0&Prime; _module_preset=\u00a0\u00bbdefault\u00a0\u00bb header_font=\u00a0\u00bbBebas Neue|700|||||||\u00a0\u00bb header_text_align=\u00a0\u00bbcenter\u00a0\u00bb header_text_color=\u00a0\u00bb#FFFFFF\u00a0\u00bb header_font_size=\u00a0\u00bb53px\u00a0\u00bb header_3_font=\u00a0\u00bbBebas Neue||||||||\u00a0\u00bb header_3_text_align=\u00a0\u00bbcenter\u00a0\u00bb header_3_text_color=\u00a0\u00bb#FFFFFF\u00a0\u00bb header_3_font_size=\u00a0\u00bb25px\u00a0\u00bb header_3_line_height=\u00a0\u00bb2.1em\u00a0\u00bb global_colors_info=\u00a0\u00bb{}\u00a0\u00bb]<\/p>\n<div class=\"wpb_text_column wpb_content_element \">\n<div class=\"wpb_wrapper\">\n<h1>RESTEZ L\u00c0 O\u00d9 VOUS JOUEZ<\/h1>\n<\/div>\n<\/div>\n<div class=\"vc_empty_space\"><span class=\"vc_empty_space_inner\"><\/span><\/div>\n<div class=\"wpb_text_column wpb_content_element \">\n<div class=\"wpb_wrapper\">\n<h3>Deux lodges dans les meilleures zones de ride que les montagnes de la c\u00f4te ouest \u00e0 offrir.<\/h3>\n<\/div>\n<\/div>\n<p>[\/et_pb_text][\/et_pb_column][\/et_pb_row][et_pb_row column_structure=\u00a0\u00bb3_5,2_5&Prime; _builder_version=\u00a0\u00bb4.21.0&Prime; _module_preset=\u00a0\u00bbdefault\u00a0\u00bb width=\u00a0\u00bb89%\u00a0\u00bb max_width=\u00a0\u00bb1401px\u00a0\u00bb custom_margin=\u00a0\u00bb1px|auto||auto||\u00a0\u00bb custom_padding=\u00a0\u00bb||65px|||\u00a0\u00bb global_colors_info=\u00a0\u00bb{}\u00a0\u00bb][et_pb_column type=\u00a0\u00bb3_5&Prime; _builder_version=\u00a0\u00bb4.21.0&Prime; _module_preset=\u00a0\u00bbdefault\u00a0\u00bb global_colors_info=\u00a0\u00bb{}\u00a0\u00bb][et_pb_blurb title=\u00a0\u00bbBelle maison artisanale sur 3 acres Partager\u00a0\u00bb use_icon=\u00a0\u00bbon\u00a0\u00bb _builder_version=\u00a0\u00bb4.21.0&Prime; _module_preset=\u00a0\u00bbdefault\u00a0\u00bb header_font=\u00a0\u00bbBebas Neue||||||||\u00a0\u00bb header_text_color=\u00a0\u00bb#898989&Prime; header_font_size=\u00a0\u00bb33px\u00a0\u00bb header_line_height=\u00a0\u00bb2em\u00a0\u00bb body_text_color=\u00a0\u00bb#FFFFFF\u00a0\u00bb custom_margin=\u00a0\u00bb41px|||||\u00a0\u00bb global_colors_info=\u00a0\u00bb{}\u00a0\u00bb]<\/p>\n<p><span>D\u00e9tendez-vous avec vos amis et votre famille dans ce lieu de s\u00e9jour paisible. Une maison en bois construite sur mesure, comprenant 4 chambres et 3 salles de bain sur 3 acres cl\u00f4tur\u00e9s. Cette magnifique propri\u00e9t\u00e9 rurale se caract\u00e9rise par des arbres matures et des vues sur les sommets des montagnes.  <\/span><\/p>\n<p><span>Situ\u00e9 \u00e0 15 minutes de Pemberton \u00e0 Mount Currie. 40 minutes de Whistler, 15 minutes du lac Gates et 25 minutes du lac Anderson. Au c\u0153ur des pistes cyclables, des sentiers de randonn\u00e9e, des chemins de terre, du golf, de la motoneige, du ski de fond, de la navigation de plaisance &#8211; un paradis de l&rsquo;aventure tout au long de l&rsquo;ann\u00e9e.<\/span><\/p>\n<p>[\/et_pb_blurb][et_pb_button button_url=\u00a0\u00bbhttps:\/\/ridewhistler.ca\/product\/custom-artisan-home\/\u00a0\u00bb button_text=\u00a0\u00bbR\u00e9servez ici\u00a0\u00bb button_alignment=\u00a0\u00bbleft\u00a0\u00bb _builder_version=\u00a0\u00bb4.21.0&Prime; _module_preset=\u00a0\u00bbdefault\u00a0\u00bb custom_button=\u00a0\u00bbon\u00a0\u00bb button_text_size=\u00a0\u00bb25px\u00a0\u00bb button_text_color=\u00a0\u00bb#FFFFFF\u00a0\u00bb button_bg_color=\u00a0\u00bb#579915&Prime; button_border_width=\u00a0\u00bb0px\u00a0\u00bb button_border_radius=\u00a0\u00bb5px\u00a0\u00bb button_font=\u00a0\u00bbBebas Neue|||on|||||\u00a0\u00bb custom_margin=\u00a0\u00bb|||90px|false|false\u00a0\u00bb custom_padding=\u00a0\u00bb5px||5px||false|false\u00a0\u00bb hover_enabled=\u00a0\u00bb0&Prime; global_colors_info=\u00a0\u00bb{}\u00a0\u00bb sticky_enabled=\u00a0\u00bb0&Prime;][\/et_pb_button][\/et_pb_column][et_pb_column type=\u00a0\u00bb2_5&Prime; _builder_version=\u00a0\u00bb4.21.0&Prime; _module_preset=\u00a0\u00bbdefault\u00a0\u00bb global_colors_info=\u00a0\u00bb{}\u00a0\u00bb][dica_divi_carousel advanced_effect=\u00a0\u00bb1&Prime; _builder_version=\u00a0\u00bb4.21.0&Prime; _module_preset=\u00a0\u00bbdefault\u00a0\u00bb global_colors_info=\u00a0\u00bb{}\u00a0\u00bb][\/dica_divi_carousel][et_pb_slider _builder_version=\u00a0\u00bb4.21.0&Prime; _module_preset=\u00a0\u00bbdefault\u00a0\u00bb width=\u00a0\u00bb100%\u00a0\u00bb max_width=\u00a0\u00bb100%\u00a0\u00bb content_max_width=\u00a0\u00bb100%\u00a0\u00bb min_height=\u00a0\u00bb360px\u00a0\u00bb custom_margin=\u00a0\u00bb||||false|false\u00a0\u00bb global_colors_info=\u00a0\u00bb{}\u00a0\u00bb][et_pb_slide _builder_version=\u00a0\u00bb4.21.0&Prime; _module_preset=\u00a0\u00bbdefault\u00a0\u00bb background_image=\u00a0\u00bbhttps:\/\/ridewhistler.ca\/wp-content\/uploads\/2023\/11\/0068a067-152e-40e0-9313-514684782b4c.jpeg.webp\u00a0\u00bb background_enable_image=\u00a0\u00bbon\u00a0\u00bb global_colors_info=\u00a0\u00bb{}\u00a0\u00bb sticky_transition=\u00a0\u00bbon\u00a0\u00bb][\/et_pb_slide][et_pb_slide _builder_version=\u00a0\u00bb4.21.0&Prime; _module_preset=\u00a0\u00bbdefault\u00a0\u00bb background_enable_color=\u00a0\u00bboff\u00a0\u00bb background_image=\u00a0\u00bbhttps:\/\/ridewhistler.ca\/wp-content\/uploads\/2023\/11\/7393b8d7-8291-4de8-8cd4-f440cde803f2.jpeg.webp\u00a0\u00bb background_enable_image=\u00a0\u00bbon\u00a0\u00bb width=\u00a0\u00bb100%\u00a0\u00bb global_colors_info=\u00a0\u00bb{}\u00a0\u00bb sticky_transition=\u00a0\u00bbon\u00a0\u00bb][\/et_pb_slide][et_pb_slide _builder_version=\u00a0\u00bb4.21.0&Prime; _module_preset=\u00a0\u00bbdefault\u00a0\u00bb background_enable_color=\u00a0\u00bboff\u00a0\u00bb background_image=\u00a0\u00bbhttps:\/\/ridewhistler.ca\/wp-content\/uploads\/2023\/11\/191d4706-da44-471e-bee2-8ec3f85adb77.jpeg.webp\u00a0\u00bb background_enable_image=\u00a0\u00bbon\u00a0\u00bb width=\u00a0\u00bb100%\u00a0\u00bb global_colors_info=\u00a0\u00bb{}\u00a0\u00bb sticky_transition=\u00a0\u00bbon\u00a0\u00bb][\/et_pb_slide][et_pb_slide _builder_version=\u00a0\u00bb4.21.0&Prime; _module_preset=\u00a0\u00bbdefault\u00a0\u00bb background_enable_color=\u00a0\u00bboff\u00a0\u00bb background_image=\u00a0\u00bbhttps:\/\/ridewhistler.ca\/wp-content\/uploads\/2023\/11\/51e05619-bdc2-4aaa-8dfe-ad9a14d36a8c.jpeg.webp\u00a0\u00bb background_enable_image=\u00a0\u00bbon\u00a0\u00bb width=\u00a0\u00bb100%\u00a0\u00bb global_colors_info=\u00a0\u00bb{}\u00a0\u00bb sticky_transition=\u00a0\u00bbon\u00a0\u00bb][\/et_pb_slide][et_pb_slide _builder_version=\u00a0\u00bb4.21.0&Prime; _module_preset=\u00a0\u00bbdefault\u00a0\u00bb background_enable_color=\u00a0\u00bboff\u00a0\u00bb background_image=\u00a0\u00bbhttps:\/\/ridewhistler.ca\/wp-content\/uploads\/2023\/11\/7a780863-dcdf-489d-9b67-dd3cf7e7076e.jpeg.webp\u00a0\u00bb background_enable_image=\u00a0\u00bbon\u00a0\u00bb width=\u00a0\u00bb100%\u00a0\u00bb global_colors_info=\u00a0\u00bb{}\u00a0\u00bb sticky_transition=\u00a0\u00bbon\u00a0\u00bb][\/et_pb_slide][\/et_pb_slider][\/et_pb_column][\/et_pb_row][et_pb_row column_structure=\u00a0\u00bb2_5,3_5&Prime; _builder_version=\u00a0\u00bb4.21.0&Prime; _module_preset=\u00a0\u00bbdefault\u00a0\u00bb width=\u00a0\u00bb89%\u00a0\u00bb max_width=\u00a0\u00bb1401px\u00a0\u00bb custom_margin=\u00a0\u00bb1px|auto||auto||\u00a0\u00bb custom_padding=\u00a0\u00bb||65px|||\u00a0\u00bb global_colors_info=\u00a0\u00bb{}\u00a0\u00bb][et_pb_column type=\u00a0\u00bb2_5&Prime; _builder_version=\u00a0\u00bb4.21.0&Prime; _module_preset=\u00a0\u00bbdefault\u00a0\u00bb global_colors_info=\u00a0\u00bb{}\u00a0\u00bb][dica_divi_carousel advanced_effect=\u00a0\u00bb1&Prime; _builder_version=\u00a0\u00bb4.21.0&Prime; _module_preset=\u00a0\u00bbdefault\u00a0\u00bb global_colors_info=\u00a0\u00bb{}\u00a0\u00bb][\/dica_divi_carousel][et_pb_slider _builder_version=\u00a0\u00bb4.21.0&Prime; _module_preset=\u00a0\u00bbdefault\u00a0\u00bb width=\u00a0\u00bb100%\u00a0\u00bb max_width=\u00a0\u00bb100%\u00a0\u00bb content_max_width=\u00a0\u00bb100%\u00a0\u00bb min_height=\u00a0\u00bb360px\u00a0\u00bb custom_margin=\u00a0\u00bb||||false|false\u00a0\u00bb global_colors_info=\u00a0\u00bb{}\u00a0\u00bb][et_pb_slide _builder_version=\u00a0\u00bb4.21.0&Prime; _module_preset=\u00a0\u00bbdefault\u00a0\u00bb background_image=\u00a0\u00bbhttps:\/\/ridewhistler.ca\/wp-content\/uploads\/2023\/11\/f1fa6ef7_original.jpg.webp\u00a0\u00bb background_enable_image=\u00a0\u00bbon\u00a0\u00bb global_colors_info=\u00a0\u00bb{}\u00a0\u00bb sticky_transition=\u00a0\u00bbon\u00a0\u00bb][\/et_pb_slide][et_pb_slide _builder_version=\u00a0\u00bb4.21.0&Prime; _module_preset=\u00a0\u00bbdefault\u00a0\u00bb background_enable_color=\u00a0\u00bboff\u00a0\u00bb background_image=\u00a0\u00bbhttps:\/\/ridewhistler.ca\/wp-content\/uploads\/2023\/11\/33b91957_original.jpg\u00a0\u00bb background_enable_image=\u00a0\u00bbon\u00a0\u00bb width=\u00a0\u00bb100%\u00a0\u00bb global_colors_info=\u00a0\u00bb{}\u00a0\u00bb sticky_transition=\u00a0\u00bbon\u00a0\u00bb][\/et_pb_slide][et_pb_slide _builder_version=\u00a0\u00bb4.21.0&Prime; _module_preset=\u00a0\u00bbdefault\u00a0\u00bb background_enable_color=\u00a0\u00bboff\u00a0\u00bb background_image=\u00a0\u00bbhttps:\/\/ridewhistler.ca\/wp-content\/uploads\/2023\/11\/692c9281_original.jpg.webp\u00a0\u00bb background_enable_image=\u00a0\u00bbon\u00a0\u00bb width=\u00a0\u00bb100%\u00a0\u00bb global_colors_info=\u00a0\u00bb{}\u00a0\u00bb sticky_transition=\u00a0\u00bbon\u00a0\u00bb][\/et_pb_slide][et_pb_slide _builder_version=\u00a0\u00bb4.21.0&Prime; _module_preset=\u00a0\u00bbdefault\u00a0\u00bb background_enable_color=\u00a0\u00bboff\u00a0\u00bb background_image=\u00a0\u00bbhttps:\/\/ridewhistler.ca\/wp-content\/uploads\/2023\/11\/03078542_original.jpg.webp\u00a0\u00bb background_enable_image=\u00a0\u00bbon\u00a0\u00bb width=\u00a0\u00bb100%\u00a0\u00bb global_colors_info=\u00a0\u00bb{}\u00a0\u00bb sticky_transition=\u00a0\u00bbon\u00a0\u00bb][\/et_pb_slide][et_pb_slide _builder_version=\u00a0\u00bb4.21.0&Prime; _module_preset=\u00a0\u00bbdefault\u00a0\u00bb background_enable_color=\u00a0\u00bboff\u00a0\u00bb background_image=\u00a0\u00bbhttps:\/\/ridewhistler.ca\/wp-content\/uploads\/2023\/11\/1629b2e4_original.jpg.webp\u00a0\u00bb background_enable_image=\u00a0\u00bbon\u00a0\u00bb width=\u00a0\u00bb100%\u00a0\u00bb global_colors_info=\u00a0\u00bb{}\u00a0\u00bb sticky_transition=\u00a0\u00bbon\u00a0\u00bb][\/et_pb_slide][et_pb_slide _builder_version=\u00a0\u00bb4.21.0&Prime; _module_preset=\u00a0\u00bbdefault\u00a0\u00bb background_enable_color=\u00a0\u00bboff\u00a0\u00bb background_image=\u00a0\u00bbhttps:\/\/ridewhistler.ca\/wp-content\/uploads\/2023\/11\/b7aa8d71_original.jpg.webp\u00a0\u00bb background_enable_image=\u00a0\u00bbon\u00a0\u00bb width=\u00a0\u00bb100%\u00a0\u00bb global_colors_info=\u00a0\u00bb{}\u00a0\u00bb sticky_transition=\u00a0\u00bbon\u00a0\u00bb][\/et_pb_slide][et_pb_slide _builder_version=\u00a0\u00bb4.21.0&Prime; _module_preset=\u00a0\u00bbdefault\u00a0\u00bb background_enable_color=\u00a0\u00bboff\u00a0\u00bb background_image=\u00a0\u00bbhttps:\/\/ridewhistler.ca\/wp-content\/uploads\/2023\/11\/c643315e_original.jpg.webp\u00a0\u00bb background_enable_image=\u00a0\u00bbon\u00a0\u00bb width=\u00a0\u00bb100%\u00a0\u00bb global_colors_info=\u00a0\u00bb{}\u00a0\u00bb sticky_transition=\u00a0\u00bbon\u00a0\u00bb][\/et_pb_slide][\/et_pb_slider][\/et_pb_column][et_pb_column type=\u00a0\u00bb3_5&Prime; _builder_version=\u00a0\u00bb4.21.0&Prime; _module_preset=\u00a0\u00bbdefault\u00a0\u00bb global_colors_info=\u00a0\u00bb{}\u00a0\u00bb][et_pb_blurb title=\u00a0\u00bbLodge de luxe 5 \u00e9toiles en rondins au bord d&apos;un lac\u00a0\u00bb use_icon=\u00a0\u00bbon\u00a0\u00bb _builder_version=\u00a0\u00bb4.21.0&Prime; _module_preset=\u00a0\u00bbdefault\u00a0\u00bb header_font=\u00a0\u00bbBebas Neue||||||||\u00a0\u00bb header_text_color=\u00a0\u00bb#898989&Prime; header_font_size=\u00a0\u00bb33px\u00a0\u00bb header_line_height=\u00a0\u00bb2em\u00a0\u00bb body_text_color=\u00a0\u00bb#FFFFFF\u00a0\u00bb custom_margin=\u00a0\u00bb41px||22px|||\u00a0\u00bb global_colors_info=\u00a0\u00bb{}\u00a0\u00bb]<\/p>\n<p><span>La maison Drumkeeran, sur le lac Ivey, est un b\u00e2timent de 5000 m\u00b2. L&rsquo;h\u00f4tel est situ\u00e9 au bord d&rsquo;un lac de p\u00eache \u00e0 la mouche dans la vall\u00e9e de Pemberton. Grande salle, cuisine campagnarde, bar, salle familiale, salle Biliard, biblioth\u00e8que, 6 chambres avec salle de bains, bain \u00e0 remous, barbecue et quai priv\u00e9.<br \/><\/span><span>Nos h\u00f4tes ont acc\u00e8s \u00e0 un merveilleux pavillon en rondins, magnifiquement meubl\u00e9 et entretenu, rempli d&rsquo;\u0153uvres d&rsquo;art et d&rsquo;antiquit\u00e9s dignes d&rsquo;une galerie d&rsquo;art. Le parquet en sapin de premi\u00e8re qualit\u00e9, les salles de bains chauff\u00e9es en marbre et en travertin, ainsi que d&rsquo;autres caract\u00e9ristiques de premier ordre, ont permis au Canada Select d&rsquo;obtenir la note de 5 \u00e9toiles, une distinction de luxe accord\u00e9e \u00e0 moins de 1 % des propri\u00e9t\u00e9s.<\/span><\/p>\n<p>[\/et_pb_blurb][et_pb_button button_url=\u00a0\u00bbhttps:\/\/ridewhistler.ca\/product\/luxury-lakefront\/\u00a0\u00bb button_text=\u00a0\u00bbR\u00e9servez ici\u00a0\u00bb button_alignment=\u00a0\u00bbleft\u00a0\u00bb _builder_version=\u00a0\u00bb4.21.0&Prime; _module_preset=\u00a0\u00bbdefault\u00a0\u00bb custom_button=\u00a0\u00bbon\u00a0\u00bb button_text_size=\u00a0\u00bb25px\u00a0\u00bb button_text_color=\u00a0\u00bb#FFFFFF\u00a0\u00bb button_bg_color=\u00a0\u00bb#579915&Prime; button_border_width=\u00a0\u00bb0px\u00a0\u00bb button_border_radius=\u00a0\u00bb5px\u00a0\u00bb button_font=\u00a0\u00bbBebas Neue|||on|||||\u00a0\u00bb custom_margin=\u00a0\u00bb|||90px|false|false\u00a0\u00bb custom_padding=\u00a0\u00bb5px||5px||false|false\u00a0\u00bb hover_enabled=\u00a0\u00bb0&Prime; global_colors_info=\u00a0\u00bb{}\u00a0\u00bb sticky_enabled=\u00a0\u00bb0&Prime;][\/et_pb_button][\/et_pb_column][\/et_pb_row][\/et_pb_section]<\/p>\n","protected":false},"excerpt":{"rendered":"<p>RESTEZ L\u00c0 O\u00d9 VOUS JOUEZ Deux lodges dans les meilleures zones de ride que les montagnes de la c\u00f4te ouest \u00e0 offrir. D\u00e9tendez-vous avec vos amis et votre famille dans ce lieu de s\u00e9jour paisible. Une maison en bois construite sur mesure, comprenant 4 chambres et 3 salles de bain sur 3 acres cl\u00f4tur\u00e9s. Cette [&hellip;]<\/p>\n","protected":false},"author":1017,"featured_media":0,"parent":0,"menu_order":0,"comment_status":"closed","ping_status":"closed","template":"","meta":{"_et_pb_use_builder":"on","_et_pb_old_content":"","_et_gb_content_width":"","jetpack_post_was_ever_published":false,"footnotes":""},"jetpack_sharing_enabled":true,"jetpack_shortlink":"https:\/\/wp.me\/P70Wif-2aR6","_links":{"self":[{"href":"https:\/\/ridewhistler.ca\/fr\/wp-json\/wp\/v2\/pages\/518388"}],"collection":[{"href":"https:\/\/ridewhistler.ca\/fr\/wp-json\/wp\/v2\/pages"}],"about":[{"href":"https:\/\/ridewhistler.ca\/fr\/wp-json\/wp\/v2\/types\/page"}],"author":[{"embeddable":true,"href":"https:\/\/ridewhistler.ca\/fr\/wp-json\/wp\/v2\/users\/1017"}],"replies":[{"embeddable":true,"href":"https:\/\/ridewhistler.ca\/fr\/wp-json\/wp\/v2\/comments?post=518388"}],"version-history":[{"count":5,"href":"https:\/\/ridewhistler.ca\/fr\/wp-json\/wp\/v2\/pages\/518388\/revisions"}],"predecessor-version":[{"id":526372,"href":"https:\/\/ridewhistler.ca\/fr\/wp-json\/wp\/v2\/pages\/518388\/revisions\/526372"}],"wp:attachment":[{"href":"https:\/\/ridewhistler.ca\/fr\/wp-json\/wp\/v2\/media?parent=518388"}],"curies":[{"name":"wp","href":"https:\/\/api.w.org\/{rel}","templated":true}]}}