{"id":518440,"date":"2023-11-11T01:14:58","date_gmt":"2023-11-11T09:14:58","guid":{"rendered":"https:\/\/ridewhistler.ca\/product\/belle-maison-artisanale-sur-3-acres-partager\/"},"modified":"2023-11-13T13:45:09","modified_gmt":"2023-11-13T21:45:09","slug":"maison-artisanale","status":"publish","type":"product","link":"https:\/\/ridewhistler.ca\/fr\/produit\/maison-artisanale\/","title":{"rendered":"Belle maison artisanale sur 3 acres"},"content":{"rendered":"","protected":false},"excerpt":{"rendered":"<div class=\"_tp3sbt\">\n<p>D\u00e9tendez-vous avec vos amis et votre famille dans ce lieu de s\u00e9jour paisible. Une maison en bois construite sur mesure, comprenant 4 chambres et 3 salles de bain sur 3 acres cl\u00f4tur\u00e9s. Cette magnifique propri\u00e9t\u00e9 rurale se caract\u00e9rise par des arbres matures et des vues sur les sommets des montagnes.<br \/>\nSitu\u00e9 \u00e0 15 minutes de Pemberton \u00e0 Mount Currie. 40 minutes de Whistler, 15 minutes du lac Gates et 25 minutes du lac Anderson. Au c\u0153ur des pistes cyclables, des sentiers de randonn\u00e9e, des chemins de terre, du golf, de la motoneige, du ski de fond, de la navigation de plaisance &#8211; un paradis de l&rsquo;aventure tout au long de l&rsquo;ann\u00e9e.<br \/>\nUn espace de vie propre et ouvert avec une grande chemin\u00e9e confortable et de belles vues sur la cour avant priv\u00e9e.<br \/>\nLa cuisine spacieuse et la grande table \u00e0 manger permettent de prendre de bons repas. Vous pouvez \u00e9galement vous rendre dans les charmants restaurants de Whistler et Pemberton.<br \/>\nLa propri\u00e9t\u00e9 dispose d&rsquo;un foyer ext\u00e9rieur, d&rsquo;un trampoline et d&rsquo;une maison de jeux pour les enfants, ainsi que de nombreux espaces de jeux dans la cour.<br \/>\nLa terrasse avant est \u00e9quip\u00e9e d&rsquo;une chemin\u00e9e \u00e0 gaz pour des soir\u00e9es d&rsquo;automne douillettes ou un d\u00eener au soleil tardif sur le patio arri\u00e8re.<br \/>\nUne chambre double et une salle de bains (douche) sont situ\u00e9es au rez-de-chauss\u00e9e ; elles sont id\u00e9ales pour les personnes \u00e2g\u00e9es ou les grands-parents.<br \/>\nA l&rsquo;\u00e9tage, il y a une autre chambre double et une salle de bain (douche et baignoire). Chambre pour enfants avec 2 lits superpos\u00e9s et un berceau pour les b\u00e9b\u00e9s. De plus, la suite parentale et sa salle de bain sont dot\u00e9es d&rsquo;une grande douche et d&rsquo;une baignoire de type \u00ab\u00a0soaker\u00a0\u00bb.<br \/>\nLe canap\u00e9 du rez-de-chauss\u00e9e est \u00e9galement extractible si l&rsquo;on a besoin d&rsquo;un espace de couchage suppl\u00e9mentaire.<br \/>\nLa propri\u00e9t\u00e9 et la maison sont grandes et spacieuses, id\u00e9ales pour les r\u00e9unions de famille et d&rsquo;amis. Il y a de beaux espaces communs, mais aussi de nombreuses zones s\u00e9par\u00e9es pour se d\u00e9tendre au calme.<\/p>\n<p>Whistler \/ Blackcomb est \u00e0 40 minutes en voiture par beau temps.<\/p>\n<\/div>\n<h6>Un acompte non remboursable de 50 % garantit votre r\u00e9servation. Le solde non remboursable est d\u00fb 7 jours avant votre arriv\u00e9e. Un d\u00e9p\u00f4t de garantie de 5 000 dollars est exig\u00e9 pour chaque location. Les laissez-passer pour les sentiers ne sont pas inclus dans la location.<\/h6>\n","protected":false},"featured_media":518375,"comment_status":"closed","ping_status":"closed","template":"","meta":{"_et_pb_use_builder":"on","_et_pb_old_content":"","_et_gb_content_width":"","jetpack_post_was_ever_published":false,"jetpack_publicize_message":"","jetpack_publicize_feature_enabled":true,"jetpack_social_post_already_shared":true,"jetpack_social_options":{"image_generator_settings":{"template":"highway","enabled":false},"version":2}},"product_cat":[100157],"product_tag":[],"jetpack_publicize_connections":[],"jetpack_sharing_enabled":true,"_links":{"self":[{"href":"https:\/\/ridewhistler.ca\/fr\/wp-json\/wp\/v2\/product\/518440"}],"collection":[{"href":"https:\/\/ridewhistler.ca\/fr\/wp-json\/wp\/v2\/product"}],"about":[{"href":"https:\/\/ridewhistler.ca\/fr\/wp-json\/wp\/v2\/types\/product"}],"replies":[{"embeddable":true,"href":"https:\/\/ridewhistler.ca\/fr\/wp-json\/wp\/v2\/comments?post=518440"}],"wp:featuredmedia":[{"embeddable":true,"href":"https:\/\/ridewhistler.ca\/fr\/wp-json\/wp\/v2\/media\/518375"}],"wp:attachment":[{"href":"https:\/\/ridewhistler.ca\/fr\/wp-json\/wp\/v2\/media?parent=518440"}],"wp:term":[{"taxonomy":"product_cat","embeddable":true,"href":"https:\/\/ridewhistler.ca\/fr\/wp-json\/wp\/v2\/product_cat?post=518440"},{"taxonomy":"product_tag","embeddable":true,"href":"https:\/\/ridewhistler.ca\/fr\/wp-json\/wp\/v2\/product_tag?post=518440"}],"curies":[{"name":"wp","href":"https:\/\/api.w.org\/{rel}","templated":true}]}}