{"id":518442,"date":"2021-10-28T15:07:05","date_gmt":"2021-10-28T22:07:05","guid":{"rendered":"https:\/\/ridewhistler.ca\/product\/clinique-pour-femmes-debutantes5-6-janvier\/"},"modified":"2023-11-13T13:52:21","modified_gmt":"2023-11-13T21:52:21","slug":"clinique-dinitiation-pour-les-femmes-18-decembre-19","status":"publish","type":"product","link":"https:\/\/ridewhistler.ca\/fr\/produit\/clinique-dinitiation-pour-les-femmes-18-decembre-19\/","title":{"rendered":"Clinique pour femmes d\u00e9butantes<br>5-6 janvier"},"content":{"rendered":"","protected":false},"excerpt":{"rendered":"<p>Il s&rsquo;agit d&rsquo;une clinique de deux jours o\u00f9 les femmes enseignent aux femmes. Il est con\u00e7u pour permettre aux femmes de prendre confiance en elles et de rouler seules. Il leur donne l&rsquo;occasion de passer en revue toutes les bases du pilotage, y compris le choix de l&rsquo;\u00e9quipement, ce qu&rsquo;il faut emporter, comment charger\/d\u00e9charger, le balisage de l&rsquo;arri\u00e8re-pays et des sentiers, les connaissances de base sur les avalanches et les techniques de pilotage. Nous vous donnerons \u00e9galement des conseils sur la fa\u00e7on de modifier la position de votre corps et de man\u0153uvrer votre motoneige plus efficacement, et bien s\u00fbr, de vous d\u00e9coincer.<br \/>\nProgresser en groupe permet \u00e0 chacun de gagner en confiance, en comp\u00e9tences et en camaraderie. Nous nous en tenons g\u00e9n\u00e9ralement \u00e0 des terrains simples et travaillons des comp\u00e9tences telles que le carving, le sidehilling, le hillclimbing, le choix g\u00e9n\u00e9ral du terrain, l&rsquo;\u00e9valuation de la neige et la s\u00e9curit\u00e9 en cas d&rsquo;avalanche.<\/p>\n<p>Ce stage s&rsquo;adresse aux femmes ayant une certaine exp\u00e9rience de la conduite, un niveau mod\u00e9r\u00e9 d&rsquo;aisance dans l&rsquo;utilisation de l&rsquo;acc\u00e9l\u00e9rateur, une compr\u00e9hension de base de votre machine et vous devrez \u00eatre \u00e0 l&rsquo;aise pour aller hors piste dans la poudreuse. Nous allons vous pousser un peu pendant ce stage, alors pr\u00e9parez-vous \u00e0 \u00eatre fatigu\u00e9s ! La taille des groupes est limit\u00e9e, ce qui vous permet de passer beaucoup de temps en t\u00eate-\u00e0-t\u00eate.<\/p>\n<p>Le ratio instructeur\/client ne d\u00e9passera jamais 1:6.<\/p>\n","protected":false},"featured_media":518328,"comment_status":"closed","ping_status":"closed","template":"","meta":{"_et_pb_use_builder":"","_et_pb_old_content":"","_et_gb_content_width":"","jetpack_post_was_ever_published":false,"jetpack_publicize_message":"","jetpack_publicize_feature_enabled":true,"jetpack_social_post_already_shared":true,"jetpack_social_options":{"image_generator_settings":{"template":"highway","enabled":false},"version":2}},"product_cat":[100158],"product_tag":[],"jetpack_publicize_connections":[],"jetpack_sharing_enabled":true,"_links":{"self":[{"href":"https:\/\/ridewhistler.ca\/fr\/wp-json\/wp\/v2\/product\/518442"}],"collection":[{"href":"https:\/\/ridewhistler.ca\/fr\/wp-json\/wp\/v2\/product"}],"about":[{"href":"https:\/\/ridewhistler.ca\/fr\/wp-json\/wp\/v2\/types\/product"}],"replies":[{"embeddable":true,"href":"https:\/\/ridewhistler.ca\/fr\/wp-json\/wp\/v2\/comments?post=518442"}],"wp:featuredmedia":[{"embeddable":true,"href":"https:\/\/ridewhistler.ca\/fr\/wp-json\/wp\/v2\/media\/518328"}],"wp:attachment":[{"href":"https:\/\/ridewhistler.ca\/fr\/wp-json\/wp\/v2\/media?parent=518442"}],"wp:term":[{"taxonomy":"product_cat","embeddable":true,"href":"https:\/\/ridewhistler.ca\/fr\/wp-json\/wp\/v2\/product_cat?post=518442"},{"taxonomy":"product_tag","embeddable":true,"href":"https:\/\/ridewhistler.ca\/fr\/wp-json\/wp\/v2\/product_tag?post=518442"}],"curies":[{"name":"wp","href":"https:\/\/api.w.org\/{rel}","templated":true}]}}