{"id":518455,"date":"2020-10-22T11:53:12","date_gmt":"2020-10-22T18:53:12","guid":{"rendered":"https:\/\/ridewhistler.ca\/product\/excursion-guidee-dune-demi-journee-en-motoneige-dans-larriere-pays\/"},"modified":"2023-11-13T13:53:36","modified_gmt":"2023-11-13T21:53:36","slug":"excursion-guidee-dune-demi-journee","status":"publish","type":"product","link":"https:\/\/ridewhistler.ca\/fr\/produit\/excursion-guidee-dune-demi-journee\/","title":{"rendered":"Excursion guid\u00e9e d&rsquo;une demi-journ\u00e9e en motoneige dans l&rsquo;arri\u00e8re-pays"},"content":{"rendered":"","protected":false},"excerpt":{"rendered":"<p class=\"product-description-txt\">Engagez l&rsquo;un de nos guides professionnels locaux pour vous emmener en excursion d&rsquo;une demi-journ\u00e9e dans l&rsquo;un de nos nombreux et incroyables domaines explorables permanents. Si le temps le permet, vous verrez quelques-uns des plus beaux paysages de l&rsquo;arri\u00e8re-pays et des plus belles vues que la cha\u00eene c\u00f4ti\u00e8re a \u00e0 offrir ! Le voyage comprend la location d&rsquo;une motoneige Polaris 2024 !<\/p>\n<h6 dir=\"auto\"><\/h6>\n<ul>\n<li dir=\"auto\">Les excursions d&rsquo;une demi-journ\u00e9e se d\u00e9roulent \u00e0 8 heures ou \u00e0 12 heures et l&rsquo;objectif est de 3,5 heures de conduite effective.<\/li>\n<li dir=\"auto\">Le port du casque est obligatoire, merci de nous pr\u00e9venir si vous en avez besoin. Le mat\u00e9riel d&rsquo;avalanche n&rsquo;est pas n\u00e9cessaire car nous ne voyagerons pas en terrain avalancheux. Veuillez apporter vos propres v\u00eatements d&rsquo;ext\u00e9rieur, lunettes, gants et bottes (par exemple, des bottes de snowboard si vous n&rsquo;avez pas de bottes de motoneige). (PAS de chaussures de ski) Doivent \u00eatre rigides au niveau de la cheville.<\/li>\n<li dir=\"auto\">Attention : Si vous venez seul, veuillez nous contacter \u00e0 l&rsquo;avance pour vous assurer que nous avons un groupe \u00e0 vous proposer. Nous avons l&rsquo;option d&rsquo;une demi-journ\u00e9e priv\u00e9e en t\u00eate-\u00e0-t\u00eate avec un guide pour 795 $.<\/li>\n<li class=\"product-description-deposit\">  Un acompte non remboursable de 25 % garantit votre r\u00e9servation. Le solde non remboursable est d\u00fb 7 jours avant votre arriv\u00e9e.<\/li>\n<\/ul>\n","protected":false},"featured_media":517915,"comment_status":"closed","ping_status":"closed","template":"","meta":{"_et_pb_use_builder":"on","_et_pb_old_content":"","_et_gb_content_width":"","jetpack_post_was_ever_published":false,"jetpack_publicize_message":"","jetpack_publicize_feature_enabled":true,"jetpack_social_post_already_shared":true,"jetpack_social_options":{"image_generator_settings":{"template":"highway","enabled":false},"version":2}},"product_cat":[100156],"product_tag":[],"jetpack_publicize_connections":[],"jetpack_sharing_enabled":true,"_links":{"self":[{"href":"https:\/\/ridewhistler.ca\/fr\/wp-json\/wp\/v2\/product\/518455"}],"collection":[{"href":"https:\/\/ridewhistler.ca\/fr\/wp-json\/wp\/v2\/product"}],"about":[{"href":"https:\/\/ridewhistler.ca\/fr\/wp-json\/wp\/v2\/types\/product"}],"replies":[{"embeddable":true,"href":"https:\/\/ridewhistler.ca\/fr\/wp-json\/wp\/v2\/comments?post=518455"}],"wp:featuredmedia":[{"embeddable":true,"href":"https:\/\/ridewhistler.ca\/fr\/wp-json\/wp\/v2\/media\/517915"}],"wp:attachment":[{"href":"https:\/\/ridewhistler.ca\/fr\/wp-json\/wp\/v2\/media?parent=518455"}],"wp:term":[{"taxonomy":"product_cat","embeddable":true,"href":"https:\/\/ridewhistler.ca\/fr\/wp-json\/wp\/v2\/product_cat?post=518455"},{"taxonomy":"product_tag","embeddable":true,"href":"https:\/\/ridewhistler.ca\/fr\/wp-json\/wp\/v2\/product_tag?post=518455"}],"curies":[{"name":"wp","href":"https:\/\/api.w.org\/{rel}","templated":true}]}}