{"id":518456,"date":"2019-02-24T19:44:38","date_gmt":"2019-02-25T03:44:38","guid":{"rendered":"https:\/\/ridewhistler.ca\/product\/clinique-dequitation-a-whistler-13-14-jan\/"},"modified":"2023-11-13T14:29:22","modified_gmt":"2023-11-13T22:29:22","slug":"clinique-equitation-2019-3","status":"publish","type":"product","link":"https:\/\/ridewhistler.ca\/fr\/produit\/clinique-equitation-2019-3\/","title":{"rendered":"Clinique de pilotage \u00e0 Whistler <br>  13-14 JAN"},"content":{"rendered":"","protected":false},"excerpt":{"rendered":"<p>Rejoignez-nous \u00e0 Whistler pour ce stage de pilotage technique In<strong>term\u00e9diaire<\/strong>! Nous nous concentrerons sur tout, de la formation de base en avalanche aux comp\u00e9tences techniques en pilotage. Nous vous aiderons \u00e0 am\u00e9liorer vos comp\u00e9tences en boondocking, vos mouvements techniques, votre choix de ligne, vos hop-overs, vos mont\u00e9es, vos sauts, vos whips, et bien plus encore ! Nous travaillerons avec chaque rider pour s&rsquo;assurer que TOUT LE MONDE am\u00e9liore son niveau. Il ne s&rsquo;agit pas d&rsquo;un stage de type \u00ab\u00a0suivez-moi\u00a0\u00bb&#8230; il s&rsquo;agit d&rsquo;un stage pratique o\u00f9 la participation est requise.<\/p>\n<p><strong><b>Cette manifestation sera compl\u00e8te, alors r\u00e9servez votre place d\u00e8s que possible !<\/b><\/strong><\/p>\n","protected":false},"featured_media":518287,"comment_status":"closed","ping_status":"closed","template":"","meta":{"_et_pb_use_builder":"on","_et_pb_old_content":"","_et_gb_content_width":"","jetpack_post_was_ever_published":false,"jetpack_publicize_message":"","jetpack_publicize_feature_enabled":true,"jetpack_social_post_already_shared":true,"jetpack_social_options":{"image_generator_settings":{"template":"highway","enabled":false},"version":2}},"product_cat":[100158],"product_tag":[],"jetpack_publicize_connections":[],"jetpack_sharing_enabled":true,"_links":{"self":[{"href":"https:\/\/ridewhistler.ca\/fr\/wp-json\/wp\/v2\/product\/518456"}],"collection":[{"href":"https:\/\/ridewhistler.ca\/fr\/wp-json\/wp\/v2\/product"}],"about":[{"href":"https:\/\/ridewhistler.ca\/fr\/wp-json\/wp\/v2\/types\/product"}],"replies":[{"embeddable":true,"href":"https:\/\/ridewhistler.ca\/fr\/wp-json\/wp\/v2\/comments?post=518456"}],"wp:featuredmedia":[{"embeddable":true,"href":"https:\/\/ridewhistler.ca\/fr\/wp-json\/wp\/v2\/media\/518287"}],"wp:attachment":[{"href":"https:\/\/ridewhistler.ca\/fr\/wp-json\/wp\/v2\/media?parent=518456"}],"wp:term":[{"taxonomy":"product_cat","embeddable":true,"href":"https:\/\/ridewhistler.ca\/fr\/wp-json\/wp\/v2\/product_cat?post=518456"},{"taxonomy":"product_tag","embeddable":true,"href":"https:\/\/ridewhistler.ca\/fr\/wp-json\/wp\/v2\/product_tag?post=518456"}],"curies":[{"name":"wp","href":"https:\/\/api.w.org\/{rel}","templated":true}]}}