{"id":518606,"date":"2023-11-02T06:29:53","date_gmt":"2023-11-02T13:29:53","guid":{"rendered":"https:\/\/ridewhistler.ca\/product\/louer-un-traineau-a-bois\/"},"modified":"2023-11-13T13:47:36","modified_gmt":"2023-11-13T21:47:36","slug":"location-de-motos-neige","status":"publish","type":"product","link":"https:\/\/ridewhistler.ca\/fr\/produit\/location-de-motos-neige\/","title":{"rendered":"Louer un Timbersled"},"content":{"rendered":"","protected":false},"excerpt":{"rendered":"<p>Explorez des terrains infinis sur l&rsquo;une de nos motoneiges Timbersled \u00e9quip\u00e9es d&rsquo;un moteur KTM. Ces machines sont con\u00e7ues pour broyer de la poudre partout. La courbe d&rsquo;apprentissage du snowbike est plus rapide que celle de la motoneige et il est facile de travailler sur des terrains en pente. La location comprend l&rsquo;essence et le casque. Si vous n&rsquo;avez pas votre propre \u00e9quipement d&rsquo;avalanche, il est possible d&rsquo;en obtenir un moyennant des frais.<br \/>\nToutes les locations comprennent :<\/p>\n<ul>\n<li>Casque si n\u00e9cessaire<\/li>\n<li>R\u00e9servoir de carburant plein<\/li>\n<\/ul>\n<p>Les machines peuvent \u00eatre r\u00e9cup\u00e9r\u00e9es \u00e0 Backcountry Motorsports \u00e0 Pemberton ou livr\u00e9es \u00e0 Rutherford pour 75 $ par luge, \u00e0 Hurley pour 125 $ par luge ou \u00e0 Whistler pour 125 $ par luge.<\/p>\n<h6 style=\"margin-top: 5px; margin-bottom: 10px;\">La location d&rsquo;une motoneige ne comprend pas de police d&rsquo;assurance. Vous \u00eates responsable de tout dommage.<\/h6>\n<h6>Un acompte non remboursable de 25 % garantit votre r\u00e9servation. Le solde non remboursable est d\u00fb 7 jours avant votre arriv\u00e9e. Un d\u00e9p\u00f4t de garantie de 5 000 dollars est exig\u00e9 pour chaque location. Les laissez-passer pour les sentiers ne sont pas inclus dans la location.<\/h6>\n","protected":false},"featured_media":518339,"comment_status":"closed","ping_status":"closed","template":"","meta":{"_et_pb_use_builder":"on","_et_pb_old_content":"","_et_gb_content_width":"","jetpack_post_was_ever_published":false,"jetpack_publicize_message":"","jetpack_publicize_feature_enabled":true,"jetpack_social_post_already_shared":true,"jetpack_social_options":{"image_generator_settings":{"template":"highway","enabled":false},"version":2}},"product_cat":[100157],"product_tag":[],"jetpack_publicize_connections":[],"jetpack_sharing_enabled":true,"_links":{"self":[{"href":"https:\/\/ridewhistler.ca\/fr\/wp-json\/wp\/v2\/product\/518606"}],"collection":[{"href":"https:\/\/ridewhistler.ca\/fr\/wp-json\/wp\/v2\/product"}],"about":[{"href":"https:\/\/ridewhistler.ca\/fr\/wp-json\/wp\/v2\/types\/product"}],"replies":[{"embeddable":true,"href":"https:\/\/ridewhistler.ca\/fr\/wp-json\/wp\/v2\/comments?post=518606"}],"wp:featuredmedia":[{"embeddable":true,"href":"https:\/\/ridewhistler.ca\/fr\/wp-json\/wp\/v2\/media\/518339"}],"wp:attachment":[{"href":"https:\/\/ridewhistler.ca\/fr\/wp-json\/wp\/v2\/media?parent=518606"}],"wp:term":[{"taxonomy":"product_cat","embeddable":true,"href":"https:\/\/ridewhistler.ca\/fr\/wp-json\/wp\/v2\/product_cat?post=518606"},{"taxonomy":"product_tag","embeddable":true,"href":"https:\/\/ridewhistler.ca\/fr\/wp-json\/wp\/v2\/product_tag?post=518606"}],"curies":[{"name":"wp","href":"https:\/\/api.w.org\/{rel}","templated":true}]}}