{"id":518617,"date":"2016-01-17T22:50:59","date_gmt":"2016-01-18T06:50:59","guid":{"rendered":"https:\/\/ridewhistler.ca\/product\/2024-polaris-850-rmk-et-khaos\/"},"modified":"2023-11-13T13:43:01","modified_gmt":"2023-11-13T21:43:01","slug":"polaris-pro-rmk","status":"publish","type":"product","link":"https:\/\/ridewhistler.ca\/fr\/produit\/polaris-pro-rmk\/","title":{"rendered":"2024 Polaris 850 RMK et KHAOS"},"content":{"rendered":"","protected":false},"excerpt":{"rendered":"<p>Nous pouvons vous fournir un nouveau Polaris 850 PRO RMK ou KHAOS RMK 2024 !<\/p>\n<p>Sans doute la meilleure motoneige de montagne sur le march\u00e9, la toute nouvelle Polaris PRO RMK 2024 vous emm\u00e8nera l\u00e0 o\u00f9 vous voulez aller ! Ces machines de montagne sont con\u00e7ues pour la poudreuse, le boondocking, les sauts et tout ce que vous pouvez rencontrer.<\/p>\n<p>Toutes les locations comprennent :<\/p>\n<ul>\n<li>Casque si n\u00e9cessaire<\/li>\n<li>R\u00e9servoir de carburant plein<\/li>\n<li>Mat\u00e9riel d&rsquo;avalanche<\/li>\n<\/ul>\n<p>Les machines peuvent \u00eatre r\u00e9cup\u00e9r\u00e9es \u00e0 Backcountry Motorsports \u00e0 Pemberton ou livr\u00e9es \u00e0 Rutherford pour 75 $ par motoneige, \u00e0 Hurley pour 125 $ par motoneige ou \u00e0 Whistler pour 125 $ par motoneige.<\/p>\n<p>Le 9R est disponible pour 525 $ par jour. Il suffit de pr\u00e9ciser que vous souhaitez un 9R lorsque vous r\u00e9servez votre location.<\/p>\n<h6 style=\"margin-top: 5px; margin-bottom: 10px;\">La location d&rsquo;une motoneige n&rsquo;est pas assortie d&rsquo;une police d&rsquo;assurance. Vous \u00eates responsable de tout dommage.<\/h6>\n<h6>Un acompte non remboursable de 25 % garantit votre r\u00e9servation. Le solde non remboursable est d\u00fb 7 jours avant votre arriv\u00e9e. Un d\u00e9p\u00f4t de garantie de 5 000 dollars est exig\u00e9 pour chaque location. Les laissez-passer pour les sentiers ne sont pas inclus dans la location.<\/h6>\n","protected":false},"featured_media":518332,"comment_status":"closed","ping_status":"closed","template":"","meta":{"_et_pb_use_builder":"on","_et_pb_old_content":"","_et_gb_content_width":"","jetpack_post_was_ever_published":false,"jetpack_publicize_message":"","jetpack_publicize_feature_enabled":true,"jetpack_social_post_already_shared":true,"jetpack_social_options":{"image_generator_settings":{"template":"highway","enabled":false},"version":2}},"product_cat":[100157],"product_tag":[],"jetpack_publicize_connections":[],"jetpack_sharing_enabled":true,"_links":{"self":[{"href":"https:\/\/ridewhistler.ca\/fr\/wp-json\/wp\/v2\/product\/518617"}],"collection":[{"href":"https:\/\/ridewhistler.ca\/fr\/wp-json\/wp\/v2\/product"}],"about":[{"href":"https:\/\/ridewhistler.ca\/fr\/wp-json\/wp\/v2\/types\/product"}],"replies":[{"embeddable":true,"href":"https:\/\/ridewhistler.ca\/fr\/wp-json\/wp\/v2\/comments?post=518617"}],"wp:featuredmedia":[{"embeddable":true,"href":"https:\/\/ridewhistler.ca\/fr\/wp-json\/wp\/v2\/media\/518332"}],"wp:attachment":[{"href":"https:\/\/ridewhistler.ca\/fr\/wp-json\/wp\/v2\/media?parent=518617"}],"wp:term":[{"taxonomy":"product_cat","embeddable":true,"href":"https:\/\/ridewhistler.ca\/fr\/wp-json\/wp\/v2\/product_cat?post=518617"},{"taxonomy":"product_tag","embeddable":true,"href":"https:\/\/ridewhistler.ca\/fr\/wp-json\/wp\/v2\/product_tag?post=518617"}],"curies":[{"name":"wp","href":"https:\/\/api.w.org\/{rel}","templated":true}]}}