{"id":518694,"date":"2023-11-02T06:47:19","date_gmt":"2023-11-02T13:47:19","guid":{"rendered":"https:\/\/ridewhistler.ca\/product\/journee-complete-de-randonnee-guidee-en-motoneige-dans-larriere-pays\/"},"modified":"2023-11-02T06:47:19","modified_gmt":"2023-11-02T13:47:19","slug":"journee-guidee-arriere-pays-velo-neige","status":"publish","type":"product","link":"https:\/\/ridewhistler.ca\/fr\/produit\/journee-guidee-arriere-pays-velo-neige\/","title":{"rendered":"Journ\u00e9e compl\u00e8te de randonn\u00e9e guid\u00e9e en motoneige dans l&rsquo;arri\u00e8re-pays"},"content":{"rendered":"","protected":false},"excerpt":{"rendered":"<p class=\"product-description-txt\">Engagez l&rsquo;un de nos guides professionnels locaux pour une excursion d&rsquo;une journ\u00e9e dans l&rsquo;un de nos nombreux domaines \u00e9questres. Explorez des terrains infinis sur l&rsquo;une de nos motoneiges Timbersled. Ces machines sont con\u00e7ues pour aller presque partout. La courbe d&rsquo;apprentissage du snowbike est plus rapide que celle de la motoneige et il est facile de travailler sur des terrains en pente. Laissez-nous vous emmener dans une aventure de motoneige que vous n&rsquo;oublierez jamais !<br \/>\nLe co\u00fbt de base NE COMPREND PAS la location d&rsquo;une motoneige (495 $). Si vous n&rsquo;apportez pas votre propre motoneige, assurez-vous de s\u00e9lectionner l&rsquo;option de location de motoneige ci-dessous. Le d\u00e9jeuner est inclus pour les clients qui engagent notre guide et louent une motoneige.<\/p>\n<ul>\n<li dir=\"auto\">Attention : Si vous venez seul, veuillez nous contacter \u00e0 l&rsquo;avance pour vous assurer que nous avons un groupe \u00e0 vous proposer. Nous offrons la possibilit\u00e9 d&rsquo;une aventure priv\u00e9e en t\u00eate-\u00e0-t\u00eate avec un guide pour 795 $ (cela n&rsquo;inclut pas la location d&rsquo;une luge).<\/li>\n<li class=\"product-description-deposit\">  Un acompte non remboursable de 25 % garantit votre r\u00e9servation. Le solde non remboursable est d\u00fb 7 jours avant votre arriv\u00e9e.<\/li>\n<li>Le port du casque et du mat\u00e9riel d&rsquo;avalanche est obligatoire. Nous proposons des casques et du mat\u00e9riel d&rsquo;avalanche si vous n&rsquo;en avez pas. Veuillez apporter vos propres v\u00eatements d&rsquo;ext\u00e9rieur, lunettes, gants et bottes (par exemple des bottes de snowboard si vous n&rsquo;avez pas de bottes de motoneige). (PAS de chaussures de ski) Doivent \u00eatre rigides au niveau de la cheville.<\/li>\n<\/ul>\n","protected":false},"featured_media":518340,"comment_status":"closed","ping_status":"closed","template":"","meta":{"_et_pb_use_builder":"on","_et_pb_old_content":"","_et_gb_content_width":"","jetpack_post_was_ever_published":false,"jetpack_publicize_message":"","jetpack_publicize_feature_enabled":true,"jetpack_social_post_already_shared":true,"jetpack_social_options":{"image_generator_settings":{"template":"highway","enabled":false},"version":2}},"product_cat":[100156],"product_tag":[],"jetpack_publicize_connections":[],"jetpack_sharing_enabled":true,"_links":{"self":[{"href":"https:\/\/ridewhistler.ca\/fr\/wp-json\/wp\/v2\/product\/518694"}],"collection":[{"href":"https:\/\/ridewhistler.ca\/fr\/wp-json\/wp\/v2\/product"}],"about":[{"href":"https:\/\/ridewhistler.ca\/fr\/wp-json\/wp\/v2\/types\/product"}],"replies":[{"embeddable":true,"href":"https:\/\/ridewhistler.ca\/fr\/wp-json\/wp\/v2\/comments?post=518694"}],"wp:featuredmedia":[{"embeddable":true,"href":"https:\/\/ridewhistler.ca\/fr\/wp-json\/wp\/v2\/media\/518340"}],"wp:attachment":[{"href":"https:\/\/ridewhistler.ca\/fr\/wp-json\/wp\/v2\/media?parent=518694"}],"wp:term":[{"taxonomy":"product_cat","embeddable":true,"href":"https:\/\/ridewhistler.ca\/fr\/wp-json\/wp\/v2\/product_cat?post=518694"},{"taxonomy":"product_tag","embeddable":true,"href":"https:\/\/ridewhistler.ca\/fr\/wp-json\/wp\/v2\/product_tag?post=518694"}],"curies":[{"name":"wp","href":"https:\/\/api.w.org\/{rel}","templated":true}]}}