{"id":518725,"date":"2020-10-22T11:52:14","date_gmt":"2020-10-22T18:52:14","guid":{"rendered":"https:\/\/ridewhistler.ca\/product\/excursion-guidee-dune-journee-en-motoneige-dans-larriere-pays\/"},"modified":"2023-11-13T13:56:47","modified_gmt":"2023-11-13T21:56:47","slug":"excursion-guidee","status":"publish","type":"product","link":"https:\/\/ridewhistler.ca\/fr\/produit\/excursion-guidee\/","title":{"rendered":"Excursion guid\u00e9e d&rsquo;une journ\u00e9e en motoneige dans l&rsquo;arri\u00e8re-pays"},"content":{"rendered":"","protected":false},"excerpt":{"rendered":"<p class=\"product-description-txt\">Engagez l&rsquo;un de nos guides professionnels locaux pour une excursion d&rsquo;une journ\u00e9e dans l&rsquo;un de nos nombreux domaines explorables. Vous verrez quelques-uns des plus beaux paysages de l&rsquo;arri\u00e8re-pays et des plus belles vues que la cha\u00eene c\u00f4ti\u00e8re a \u00e0 offrir ! Faites en sorte que votre groupe soit priv\u00e9 et personnalisez votre journ\u00e9e en une clinique d&rsquo;habilet\u00e9s priv\u00e9e si vous le souhaitez ! Le co\u00fbt de base NE COMPREND PAS la location d&rsquo;une motoneige (495 $). Si vous n&rsquo;apportez pas votre propre motoneige, assurez-vous de s\u00e9lectionner l&rsquo;option de location de motoneige ci-dessous. Le d\u00e9jeuner est inclus pour les clients qui engagent notre guide et louent une motoneige.<\/p>\n<ul>\n<li dir=\"auto\">Attention : Si vous venez seul, veuillez nous contacter \u00e0 l&rsquo;avance pour vous assurer que nous avons un groupe \u00e0 vous proposer. Nous offrons la possibilit\u00e9 d&rsquo;une aventure priv\u00e9e en t\u00eate-\u00e0-t\u00eate avec un guide pour 795 $ (cela n&rsquo;inclut pas la location d&rsquo;une luge).<\/li>\n<li class=\"product-description-deposit\">  Un acompte non remboursable de 25 % garantit votre r\u00e9servation. Le solde non remboursable est d\u00fb 7 jours avant votre arriv\u00e9e.<\/li>\n<li>Le port du casque et du mat\u00e9riel d&rsquo;avalanche est obligatoire. Nous proposons des casques et du mat\u00e9riel d&rsquo;avalanche si vous n&rsquo;en avez pas. Veuillez apporter vos propres v\u00eatements d&rsquo;ext\u00e9rieur, lunettes, gants et bottes (par exemple, des bottes de snowboard si vous n&rsquo;avez pas de bottes de motoneige). (PAS de chaussures de ski) Doivent \u00eatre rigides au niveau de la cheville.<\/li>\n<\/ul>\n","protected":false},"featured_media":518336,"comment_status":"closed","ping_status":"closed","template":"","meta":{"_et_pb_use_builder":"on","_et_pb_old_content":"","_et_gb_content_width":"","jetpack_post_was_ever_published":false,"jetpack_publicize_message":"","jetpack_publicize_feature_enabled":true,"jetpack_social_post_already_shared":true,"jetpack_social_options":{"image_generator_settings":{"template":"highway","enabled":false},"version":2}},"product_cat":[100156],"product_tag":[],"jetpack_publicize_connections":[],"jetpack_sharing_enabled":true,"_links":{"self":[{"href":"https:\/\/ridewhistler.ca\/fr\/wp-json\/wp\/v2\/product\/518725"}],"collection":[{"href":"https:\/\/ridewhistler.ca\/fr\/wp-json\/wp\/v2\/product"}],"about":[{"href":"https:\/\/ridewhistler.ca\/fr\/wp-json\/wp\/v2\/types\/product"}],"replies":[{"embeddable":true,"href":"https:\/\/ridewhistler.ca\/fr\/wp-json\/wp\/v2\/comments?post=518725"}],"wp:featuredmedia":[{"embeddable":true,"href":"https:\/\/ridewhistler.ca\/fr\/wp-json\/wp\/v2\/media\/518336"}],"wp:attachment":[{"href":"https:\/\/ridewhistler.ca\/fr\/wp-json\/wp\/v2\/media?parent=518725"}],"wp:term":[{"taxonomy":"product_cat","embeddable":true,"href":"https:\/\/ridewhistler.ca\/fr\/wp-json\/wp\/v2\/product_cat?post=518725"},{"taxonomy":"product_tag","embeddable":true,"href":"https:\/\/ridewhistler.ca\/fr\/wp-json\/wp\/v2\/product_tag?post=518725"}],"curies":[{"name":"wp","href":"https:\/\/api.w.org\/{rel}","templated":true}]}}