{"id":518726,"date":"2017-06-16T12:13:44","date_gmt":"2017-06-16T19:13:44","guid":{"rendered":"https:\/\/ridewhistler.ca\/product\/excursion-en-motoneige-jusqua-la-grotte-de-glace\/"},"modified":"2023-11-13T14:23:33","modified_gmt":"2023-11-13T22:23:33","slug":"tour-de-la-luge-a-la-grotte-de-glace","status":"publish","type":"product","link":"https:\/\/ridewhistler.ca\/fr\/produit\/tour-de-la-luge-a-la-grotte-de-glace\/","title":{"rendered":"Excursion en motoneige jusqu&rsquo;\u00e0 la grotte de glace"},"content":{"rendered":"","protected":false},"excerpt":{"rendered":"<p class=\"product-description-txt\">Avez-vous d\u00e9j\u00e0 r\u00eav\u00e9 d&rsquo;aller dans une grotte de glace qui contient de la glace vieille de 10 000 \u00e0 20 000 ans ? Venez faire de la motoneige avec nous et explorez des grottes de glace r\u00e9cemment d\u00e9couvertes sur la calotte glaciaire de Pemberton, juste \u00e0 l&rsquo;ext\u00e9rieur de Whistler. Ces grottes, le paysage et la conduite sont absolument stup\u00e9fiants ! Il s&rsquo;agit v\u00e9ritablement d&rsquo;un voyage inoubliable, id\u00e9al pour une activit\u00e9 d&rsquo;entreprise, une f\u00eate d&rsquo;entreprise ou un enterrement de vie de gar\u00e7on. Cette excursion en motoneige s&rsquo;adresse aux personnes ayant une exp\u00e9rience pr\u00e9alable de la motoneige. Une personne par motoneige.<\/p>\n<p>&nbsp;<\/p>\n<h6 style=\"margin-top: 5px; margin-bottom: 10px;\">Votre r\u00e9servation comprend la location d&rsquo;une motoneige, un guide et le d\u00e9jeuner. Vous devez choisir la police d&rsquo;assurance facultative si vous souhaitez couvrir la location de la luge avec une franchise de 1 500 $. Un casque et un \u00e9quipement anti-avalanche sont n\u00e9cessaires. Vous pouvez utiliser votre propre casque ou nous pouvons vous fournir un casque (gratuitement) et un \u00e9quipement d&rsquo;avalanche moyennant une redevance. Comme indiqu\u00e9 ci-dessus, une exp\u00e9rience pr\u00e9alable de la motoneige est requise et il n&rsquo;y a aucune garantie d&rsquo;atteindre une grotte de glace en raison des conditions m\u00e9t\u00e9orologiques ou des niveaux de comp\u00e9tence. Veuillez apporter vos propres v\u00eatements d&rsquo;ext\u00e9rieur, lunettes, gants et bottes (par exemple, des bottes de snowboard si vous n&rsquo;avez pas de bottes de motoneige). (PAS de chaussures de ski) Doivent \u00eatre rigides au niveau de la cheville.<\/h6>\n<h6 style=\"margin-top: 5px; margin-bottom: 10px;\">Le d\u00e9jeuner est \u00e9galement inclus.<\/h6>\n<h6 dir=\"auto\">Attention : Si vous venez seul, veuillez nous contacter \u00e0 l&rsquo;avance pour vous assurer que nous avons un groupe \u00e0 vous proposer. Nous avons l&rsquo;option d&rsquo;une rencontre priv\u00e9e avec un guide pour 1 195 $.<\/h6>\n<h6 class=\"product-description-deposit\">  Un acompte non remboursable de 25 % garantit votre r\u00e9servation. Le solde est d\u00fb 7 jours avant votre arriv\u00e9e.<\/h6>\n","protected":false},"featured_media":518333,"comment_status":"closed","ping_status":"closed","template":"","meta":{"_et_pb_use_builder":"on","_et_pb_old_content":"","_et_gb_content_width":"","jetpack_post_was_ever_published":false,"jetpack_publicize_message":"","jetpack_publicize_feature_enabled":true,"jetpack_social_post_already_shared":true,"jetpack_social_options":{"image_generator_settings":{"template":"highway","enabled":false},"version":2}},"product_cat":[100156],"product_tag":[],"jetpack_publicize_connections":[],"jetpack_sharing_enabled":true,"_links":{"self":[{"href":"https:\/\/ridewhistler.ca\/fr\/wp-json\/wp\/v2\/product\/518726"}],"collection":[{"href":"https:\/\/ridewhistler.ca\/fr\/wp-json\/wp\/v2\/product"}],"about":[{"href":"https:\/\/ridewhistler.ca\/fr\/wp-json\/wp\/v2\/types\/product"}],"replies":[{"embeddable":true,"href":"https:\/\/ridewhistler.ca\/fr\/wp-json\/wp\/v2\/comments?post=518726"}],"wp:featuredmedia":[{"embeddable":true,"href":"https:\/\/ridewhistler.ca\/fr\/wp-json\/wp\/v2\/media\/518333"}],"wp:attachment":[{"href":"https:\/\/ridewhistler.ca\/fr\/wp-json\/wp\/v2\/media?parent=518726"}],"wp:term":[{"taxonomy":"product_cat","embeddable":true,"href":"https:\/\/ridewhistler.ca\/fr\/wp-json\/wp\/v2\/product_cat?post=518726"},{"taxonomy":"product_tag","embeddable":true,"href":"https:\/\/ridewhistler.ca\/fr\/wp-json\/wp\/v2\/product_tag?post=518726"}],"curies":[{"name":"wp","href":"https:\/\/api.w.org\/{rel}","templated":true}]}}