{"id":518733,"date":"2019-02-24T19:45:40","date_gmt":"2019-02-25T03:45:40","guid":{"rendered":"https:\/\/ridewhistler.ca\/product\/clinique-dequitation-a-whistler-dec-16-17\/"},"modified":"2023-11-14T10:21:13","modified_gmt":"2023-11-14T18:21:13","slug":"seminaire-equestre-2019-4","status":"publish","type":"product","link":"https:\/\/ridewhistler.ca\/fr\/produit\/seminaire-equestre-2019-4\/","title":{"rendered":"Clinique de perfectionnement \u00e0 Whistler <br>  DEC 16-17"},"content":{"rendered":"","protected":false},"excerpt":{"rendered":"<p>Rejoignez-nous \u00e0 Whistler pour le premier stage de pilotage de la saison! <strong>Il s&rsquo;agit<\/strong> d&rsquo;un stage technique <strong>DEBUTANT\/INTERMEDIAIRE<\/strong><wbr><\/wbr> se concentre sur tout, de l&rsquo;entra\u00eenement aux avalanches aux ateliers de comp\u00e9tences techniques de ride. L&rsquo;\u00e9quipe de Chris vous aidera \u00e0 am\u00e9liorer vos comp\u00e9tences en boondocking, sidehilling, mouvements techniques, hill climbing, deep powder descents, jumping, whips et bien plus encore !!!<br \/>\nChris travaillera avec chaque participant pour s&rsquo;assurer que TOUS am\u00e9liorent leur niveau de pilotage. Il ne s&rsquo;agit pas d&rsquo;un stage de type \u00ab\u00a0suivez-moi\u00a0\u00bb&#8230; il s&rsquo;agit d&rsquo;un stage pratique avec participation obligatoire. Chris travaillera avec vous sur TOUTES les comp\u00e9tences de conduite. Le ratio instructeur\/client ne d\u00e9passera jamais 1:6.<\/p>\n<p><strong>Dans cette clinique, en fonction de votre exp\u00e9rience, nous travaillerons sur.. :<\/strong><br \/>\nSidehilling, conduite dans la neige profonde, introduction \u00e0 la conduite dans les arbres, changement de direction, techniques pour ne pas rester coinc\u00e9 et pour se d\u00e9coincer, conduite dans la poudreuse profonde, man\u0153uvres techniques, sauts, introduction aux sauts \u00e0 cloche-pied.<\/p>\n<p><strong><b>Cette clinique sera compl\u00e8te, alors r\u00e9servez votre place d\u00e8s que possible !<\/b><\/strong><\/p>\n","protected":false},"featured_media":518287,"comment_status":"closed","ping_status":"closed","template":"","meta":{"_et_pb_use_builder":"on","_et_pb_old_content":"","_et_gb_content_width":"","jetpack_post_was_ever_published":false,"jetpack_publicize_message":"","jetpack_publicize_feature_enabled":true,"jetpack_social_post_already_shared":true,"jetpack_social_options":{"image_generator_settings":{"template":"highway","enabled":false},"version":2}},"product_cat":[100158],"product_tag":[],"jetpack_publicize_connections":[],"jetpack_sharing_enabled":true,"_links":{"self":[{"href":"https:\/\/ridewhistler.ca\/fr\/wp-json\/wp\/v2\/product\/518733"}],"collection":[{"href":"https:\/\/ridewhistler.ca\/fr\/wp-json\/wp\/v2\/product"}],"about":[{"href":"https:\/\/ridewhistler.ca\/fr\/wp-json\/wp\/v2\/types\/product"}],"replies":[{"embeddable":true,"href":"https:\/\/ridewhistler.ca\/fr\/wp-json\/wp\/v2\/comments?post=518733"}],"wp:featuredmedia":[{"embeddable":true,"href":"https:\/\/ridewhistler.ca\/fr\/wp-json\/wp\/v2\/media\/518287"}],"wp:attachment":[{"href":"https:\/\/ridewhistler.ca\/fr\/wp-json\/wp\/v2\/media?parent=518733"}],"wp:term":[{"taxonomy":"product_cat","embeddable":true,"href":"https:\/\/ridewhistler.ca\/fr\/wp-json\/wp\/v2\/product_cat?post=518733"},{"taxonomy":"product_tag","embeddable":true,"href":"https:\/\/ridewhistler.ca\/fr\/wp-json\/wp\/v2\/product_tag?post=518733"}],"curies":[{"name":"wp","href":"https:\/\/api.w.org\/{rel}","templated":true}]}}